{"id":14815,"date":"2022-12-20T12:02:22","date_gmt":"2022-12-20T12:02:22","guid":{"rendered":"https:\/\/www.miragrafik.sk\/?page_id=14815"},"modified":"2023-03-06T07:42:00","modified_gmt":"2023-03-06T07:42:00","slug":"ui-ux-hry-miragrafik","status":"publish","type":"page","link":"https:\/\/www.miragrafik.sk\/en\/ui-ux-hry-miragrafik\/","title":{"rendered":"UI\/UX"},"content":{"rendered":"<div data-elementor-type=\"wp-page\" data-elementor-id=\"14815\" class=\"elementor elementor-14815\" data-elementor-settings=\"{&quot;ha_cmc_init_switcher&quot;:&quot;no&quot;}\">\n\t\t\t\t\t\t<section class=\"elementor-section elementor-top-section elementor-element elementor-element-efcdfb6 elementor-section-boxed elementor-section-height-default elementor-section-height-default\" data-id=\"efcdfb6\" data-element_type=\"section\" data-settings=\"{&quot;_ha_eqh_enable&quot;:false}\">\n\t\t\t\t\t\t<div class=\"elementor-container elementor-column-gap-default\">\n\t\t\t\t\t<div class=\"elementor-column elementor-col-100 elementor-top-column elementor-element elementor-element-391c8dd\" data-id=\"391c8dd\" data-element_type=\"column\">\n\t\t\t<div class=\"elementor-widget-wrap elementor-element-populated\">\n\t\t\t\t\t\t<div class=\"elementor-element elementor-element-03f99ec elementor-widget elementor-widget-heading\" data-id=\"03f99ec\" data-element_type=\"widget\" data-widget_type=\"heading.default\">\n\t\t\t\t<div class=\"elementor-widget-container\">\n\t\t\t\t\t<h1 class=\"elementor-heading-title elementor-size-default\">Games for children<\/h1>\t\t\t\t<\/div>\n\t\t\t\t<\/div>\n\t\t\t\t\t<\/div>\n\t\t<\/div>\n\t\t\t\t\t<\/div>\n\t\t<\/section>\n\t\t\t\t<section class=\"elementor-section elementor-top-section elementor-element elementor-element-ff87352 elementor-section-boxed elementor-section-height-default elementor-section-height-default\" data-id=\"ff87352\" data-element_type=\"section\" data-settings=\"{&quot;_ha_eqh_enable&quot;:false}\">\n\t\t\t\t\t\t<div class=\"elementor-container elementor-column-gap-default\">\n\t\t\t\t\t<div class=\"elementor-column elementor-col-100 elementor-top-column elementor-element elementor-element-eba2fe6\" data-id=\"eba2fe6\" data-element_type=\"column\">\n\t\t\t<div class=\"elementor-widget-wrap elementor-element-populated\">\n\t\t\t\t\t\t<div class=\"elementor-element elementor-element-a37d365 elementor-widget elementor-widget-heading\" data-id=\"a37d365\" data-element_type=\"widget\" data-widget_type=\"heading.default\">\n\t\t\t\t<div class=\"elementor-widget-container\">\n\t\t\t\t\t<h2 class=\"elementor-heading-title elementor-size-default\">Bilingual memory cards <\/h2>\t\t\t\t<\/div>\n\t\t\t\t<\/div>\n\t\t\t\t\t<\/div>\n\t\t<\/div>\n\t\t\t\t\t<\/div>\n\t\t<\/section>\n\t\t\t\t<section class=\"elementor-section elementor-top-section elementor-element elementor-element-841a8da elementor-section-boxed elementor-section-height-default elementor-section-height-default\" data-id=\"841a8da\" data-element_type=\"section\" data-settings=\"{&quot;_ha_eqh_enable&quot;:false}\">\n\t\t\t\t\t\t<div class=\"elementor-container elementor-column-gap-default\">\n\t\t\t\t\t<div class=\"elementor-column elementor-col-100 elementor-top-column elementor-element elementor-element-5ecc112\" data-id=\"5ecc112\" data-element_type=\"column\">\n\t\t\t<div class=\"elementor-widget-wrap elementor-element-populated\">\n\t\t\t\t\t\t<div class=\"elementor-element elementor-element-9b8512b elementor-widget elementor-widget-text-editor\" data-id=\"9b8512b\" data-element_type=\"widget\" data-widget_type=\"text-editor.default\">\n\t\t\t\t<div class=\"elementor-widget-container\">\n\t\t\t\t\t\t\t\t\t<p><strong>You can play this game for children using link:<a href=\"https:\/\/simmer.io\/@Miragrafik\/bilingual-memory-game-butterflies\"> https:\/\/simmer.io\/@Miragrafik\/bilingual-memory-game-butterflies<\/a><\/strong><\/p>\t\t\t\t\t\t\t\t<\/div>\n\t\t\t\t<\/div>\n\t\t\t\t\t<\/div>\n\t\t<\/div>\n\t\t\t\t\t<\/div>\n\t\t<\/section>\n\t\t\t\t<section class=\"elementor-section elementor-top-section elementor-element elementor-element-4777f8f elementor-section-boxed elementor-section-height-default elementor-section-height-default\" data-id=\"4777f8f\" data-element_type=\"section\" data-settings=\"{&quot;_ha_eqh_enable&quot;:false}\">\n\t\t\t\t\t\t<div class=\"elementor-container elementor-column-gap-default\">\n\t\t\t\t\t<div class=\"elementor-column elementor-col-100 elementor-top-column elementor-element elementor-element-d7f67fe\" data-id=\"d7f67fe\" data-element_type=\"column\">\n\t\t\t<div class=\"elementor-widget-wrap elementor-element-populated\">\n\t\t\t\t\t\t<div class=\"elementor-element elementor-element-8941564 gallery-spacing-custom elementor-widget elementor-widget-image-gallery\" data-id=\"8941564\" data-element_type=\"widget\" data-widget_type=\"image-gallery.default\">\n\t\t\t\t<div class=\"elementor-widget-container\">\n\t\t\t\t\t\t\t<div class=\"elementor-image-gallery\">\n\t\t\t<div id='gallery-1' class='gallery galleryid-14815 gallery-columns-2 gallery-size-full'><figure class='gallery-item'>\n\t\t\t<div class='gallery-icon landscape'>\n\t\t\t\t<img fetchpriority=\"high\" decoding=\"async\" width=\"1500\" height=\"998\" src=\"https:\/\/www.miragrafik.sk\/wp-content\/uploads\/2022\/12\/MOTYLE-SLOVENSKA3.jpg\" class=\"attachment-full size-full\" alt=\"\" srcset=\"https:\/\/www.miragrafik.sk\/wp-content\/uploads\/2022\/12\/MOTYLE-SLOVENSKA3.jpg 1500w, https:\/\/www.miragrafik.sk\/wp-content\/uploads\/2022\/12\/MOTYLE-SLOVENSKA3-300x200.jpg 300w, https:\/\/www.miragrafik.sk\/wp-content\/uploads\/2022\/12\/MOTYLE-SLOVENSKA3-1024x681.jpg 1024w, https:\/\/www.miragrafik.sk\/wp-content\/uploads\/2022\/12\/MOTYLE-SLOVENSKA3-768x511.jpg 768w, https:\/\/www.miragrafik.sk\/wp-content\/uploads\/2022\/12\/MOTYLE-SLOVENSKA3-18x12.jpg 18w, https:\/\/www.miragrafik.sk\/wp-content\/uploads\/2022\/12\/MOTYLE-SLOVENSKA3-1140x758.jpg 1140w\" sizes=\"(max-width: 1500px) 100vw, 1500px\" \/>\n\t\t\t<\/div><\/figure><figure class='gallery-item'>\n\t\t\t<div class='gallery-icon landscape'>\n\t\t\t\t<img decoding=\"async\" width=\"1500\" height=\"998\" src=\"https:\/\/www.miragrafik.sk\/wp-content\/uploads\/2022\/12\/MOTYLE-SLOVENSKA.jpg\" class=\"attachment-full size-full\" alt=\"hry pre deti\" srcset=\"https:\/\/www.miragrafik.sk\/wp-content\/uploads\/2022\/12\/MOTYLE-SLOVENSKA.jpg 1500w, https:\/\/www.miragrafik.sk\/wp-content\/uploads\/2022\/12\/MOTYLE-SLOVENSKA-300x200.jpg 300w, https:\/\/www.miragrafik.sk\/wp-content\/uploads\/2022\/12\/MOTYLE-SLOVENSKA-1024x681.jpg 1024w, https:\/\/www.miragrafik.sk\/wp-content\/uploads\/2022\/12\/MOTYLE-SLOVENSKA-768x511.jpg 768w, https:\/\/www.miragrafik.sk\/wp-content\/uploads\/2022\/12\/MOTYLE-SLOVENSKA-18x12.jpg 18w, https:\/\/www.miragrafik.sk\/wp-content\/uploads\/2022\/12\/MOTYLE-SLOVENSKA-1140x758.jpg 1140w\" sizes=\"(max-width: 1500px) 100vw, 1500px\" \/>\n\t\t\t<\/div><\/figure>\n\t\t<\/div>\n\t\t<\/div>\n\t\t\t\t\t\t<\/div>\n\t\t\t\t<\/div>\n\t\t\t\t\t<\/div>\n\t\t<\/div>\n\t\t\t\t\t<\/div>\n\t\t<\/section>\n\t\t\t\t<section class=\"elementor-section elementor-top-section elementor-element elementor-element-e696533 elementor-section-boxed elementor-section-height-default elementor-section-height-default\" data-id=\"e696533\" data-element_type=\"section\" data-settings=\"{&quot;_ha_eqh_enable&quot;:false}\">\n\t\t\t\t\t\t<div class=\"elementor-container elementor-column-gap-default\">\n\t\t\t\t\t<div class=\"elementor-column elementor-col-100 elementor-top-column elementor-element elementor-element-d9ee289\" data-id=\"d9ee289\" data-element_type=\"column\">\n\t\t\t<div class=\"elementor-widget-wrap elementor-element-populated\">\n\t\t\t\t\t\t<div class=\"elementor-element elementor-element-974c834 elementor-widget elementor-widget-text-editor\" data-id=\"974c834\" data-element_type=\"widget\" data-widget_type=\"text-editor.default\">\n\t\t\t\t<div class=\"elementor-widget-container\">\n\t\t\t\t\t\t\t\t\t<p>All parts of memory game (illustrations, cards, back side, buttons, UI) were made by me. The wood texture comes from a stock photo site: <span style=\"color: #000000;\"><a style=\"color: #000000;\" href=\"https:\/\/www.pexels.com\/photo\/brown-wooden-surface-139306\/\">pexels<\/a>.<\/span> I made this game using Unity and C#.<\/p>\t\t\t\t\t\t\t\t<\/div>\n\t\t\t\t<\/div>\n\t\t\t\t\t<\/div>\n\t\t<\/div>\n\t\t\t\t\t<\/div>\n\t\t<\/section>\n\t\t\t\t<section class=\"elementor-section elementor-top-section elementor-element elementor-element-4cc779c9 elementor-section-boxed elementor-section-height-default elementor-section-height-default\" data-id=\"4cc779c9\" data-element_type=\"section\" data-settings=\"{&quot;_ha_eqh_enable&quot;:false}\">\n\t\t\t\t\t\t<div class=\"elementor-container elementor-column-gap-default\">\n\t\t\t\t\t<div class=\"elementor-column elementor-col-100 elementor-top-column elementor-element elementor-element-137549b\" data-id=\"137549b\" data-element_type=\"column\">\n\t\t\t<div class=\"elementor-widget-wrap elementor-element-populated\">\n\t\t\t\t\t\t<div class=\"elementor-element elementor-element-204e78c0 elementor-widget elementor-widget-text-editor\" data-id=\"204e78c0\" data-element_type=\"widget\" data-widget_type=\"text-editor.default\">\n\t\t\t\t<div class=\"elementor-widget-container\">\n\t\t\t\t\t\t\t\t\t<p><span style=\"color: #000000;\"><strong>author of the text and graphic design: <\/strong>Miroslava Pavlinsk\u00e1<\/span><br \/><span style=\"color: #000000;\"><strong><span style=\"color: #000000;\"><a style=\"color: #000000;\" href=\"https:\/\/www.miragrafik.sk\/en\/\">www.miragrafik.sk<\/a><\/span> | webdesign, graphic design and photography<\/strong><\/span><\/p><p><!-- \/wp:paragraph --><\/p>\t\t\t\t\t\t\t\t<\/div>\n\t\t\t\t<\/div>\n\t\t\t\t\t<\/div>\n\t\t<\/div>\n\t\t\t\t\t<\/div>\n\t\t<\/section>\n\t\t\t\t<\/div>","protected":false},"excerpt":{"rendered":"<p>Hry pre deti Bilingv\u00e1lne pexeso T\u00fato hru pre deti si m\u00f4\u017eete zahra\u0165 na tomto odkaze: https:\/\/simmer.io\/@Miragrafik\/bilingual-memory-game-butterflies V\u0161etky \u010dasti pexesa (ilustr\u00e1cie mot\u00fd\u013eov, karti\u010dky, ich zadn\u00fa stranu, tla\u010d\u00edtka a zvy\u0161n\u00e9 UI) som navrhla sama. Text\u00fara dreva na pozad\u00ed poch\u00e1dza z fotobanky pexels. Samotn\u00fa minihru som vytvorila v Unity s pou\u017eit\u00edm C#. autorka textu a grafick\u00fdch n\u00e1vrhov: Miroslava Pavlinsk\u00e1www.miragrafik.sk | webdizajn, grafika a fotografia<\/p>","protected":false},"author":1,"featured_media":0,"parent":0,"menu_order":0,"comment_status":"closed","ping_status":"closed","template":"elementor_header_footer","meta":{"footnotes":""},"class_list":["post-14815","page","type-page","status-publish","hentry"],"_links":{"self":[{"href":"https:\/\/www.miragrafik.sk\/en\/wp-json\/wp\/v2\/pages\/14815","targetHints":{"allow":["GET"]}}],"collection":[{"href":"https:\/\/www.miragrafik.sk\/en\/wp-json\/wp\/v2\/pages"}],"about":[{"href":"https:\/\/www.miragrafik.sk\/en\/wp-json\/wp\/v2\/types\/page"}],"author":[{"embeddable":true,"href":"https:\/\/www.miragrafik.sk\/en\/wp-json\/wp\/v2\/users\/1"}],"replies":[{"embeddable":true,"href":"https:\/\/www.miragrafik.sk\/en\/wp-json\/wp\/v2\/comments?post=14815"}],"version-history":[{"count":103,"href":"https:\/\/www.miragrafik.sk\/en\/wp-json\/wp\/v2\/pages\/14815\/revisions"}],"predecessor-version":[{"id":15057,"href":"https:\/\/www.miragrafik.sk\/en\/wp-json\/wp\/v2\/pages\/14815\/revisions\/15057"}],"wp:attachment":[{"href":"https:\/\/www.miragrafik.sk\/en\/wp-json\/wp\/v2\/media?parent=14815"}],"curies":[{"name":"wp","href":"https:\/\/api.w.org\/{rel}","templated":true}]}}