{"id":15014,"date":"2023-01-25T16:29:47","date_gmt":"2023-01-25T16:29:47","guid":{"rendered":"https:\/\/www.miragrafik.sk\/?page_id=15014"},"modified":"2023-01-27T12:02:47","modified_gmt":"2023-01-27T12:02:47","slug":"obaly-vyrobkov","status":"publish","type":"page","link":"https:\/\/www.miragrafik.sk\/en\/obaly-vyrobkov\/","title":{"rendered":"Package design"},"content":{"rendered":"<div data-elementor-type=\"wp-page\" data-elementor-id=\"15014\" class=\"elementor elementor-15014\" data-elementor-settings=\"{&quot;ha_cmc_init_switcher&quot;:&quot;no&quot;}\">\n\t\t\t\t\t\t<section class=\"elementor-section elementor-top-section elementor-element elementor-element-f016f38 elementor-section-boxed elementor-section-height-default elementor-section-height-default\" data-id=\"f016f38\" data-element_type=\"section\" data-settings=\"{&quot;_ha_eqh_enable&quot;:false}\">\n\t\t\t\t\t\t<div class=\"elementor-container elementor-column-gap-default\">\n\t\t\t\t\t<div class=\"elementor-column elementor-col-100 elementor-top-column elementor-element elementor-element-616956e\" data-id=\"616956e\" data-element_type=\"column\">\n\t\t\t<div class=\"elementor-widget-wrap elementor-element-populated\">\n\t\t\t\t\t\t<div class=\"elementor-element elementor-element-812e5e3 elementor-widget elementor-widget-heading\" data-id=\"812e5e3\" data-element_type=\"widget\" data-widget_type=\"heading.default\">\n\t\t\t\t<div class=\"elementor-widget-container\">\n\t\t\t\t\t<h1 class=\"elementor-heading-title elementor-size-default\">Package design<\/h1>\t\t\t\t<\/div>\n\t\t\t\t<\/div>\n\t\t\t\t\t<\/div>\n\t\t<\/div>\n\t\t\t\t\t<\/div>\n\t\t<\/section>\n\t\t\t\t<section class=\"elementor-section elementor-top-section elementor-element elementor-element-c994dc3 elementor-section-boxed elementor-section-height-default elementor-section-height-default\" data-id=\"c994dc3\" data-element_type=\"section\" data-settings=\"{&quot;_ha_eqh_enable&quot;:false}\">\n\t\t\t\t\t\t<div class=\"elementor-container elementor-column-gap-default\">\n\t\t\t\t\t<div class=\"elementor-column elementor-col-100 elementor-top-column elementor-element elementor-element-c4df831\" data-id=\"c4df831\" data-element_type=\"column\">\n\t\t\t<div class=\"elementor-widget-wrap elementor-element-populated\">\n\t\t\t\t\t\t<div class=\"elementor-element elementor-element-2a2a844 gallery-spacing-custom elementor-widget elementor-widget-image-gallery\" data-id=\"2a2a844\" data-element_type=\"widget\" data-widget_type=\"image-gallery.default\">\n\t\t\t\t<div class=\"elementor-widget-container\">\n\t\t\t\t\t\t\t<div class=\"elementor-image-gallery\">\n\t\t\t<div id='gallery-1' class='gallery galleryid-15014 gallery-columns-2 gallery-size-full'><figure class='gallery-item'>\n\t\t\t<div class='gallery-icon landscape'>\n\t\t\t\t<img fetchpriority=\"high\" decoding=\"async\" width=\"1500\" height=\"1060\" src=\"https:\/\/www.miragrafik.sk\/wp-content\/uploads\/2023\/01\/CAJ-MOCKUP.jpg\" class=\"attachment-full size-full\" alt=\"Package design\" srcset=\"https:\/\/www.miragrafik.sk\/wp-content\/uploads\/2023\/01\/CAJ-MOCKUP.jpg 1500w, https:\/\/www.miragrafik.sk\/wp-content\/uploads\/2023\/01\/CAJ-MOCKUP-300x212.jpg 300w, https:\/\/www.miragrafik.sk\/wp-content\/uploads\/2023\/01\/CAJ-MOCKUP-1024x724.jpg 1024w, https:\/\/www.miragrafik.sk\/wp-content\/uploads\/2023\/01\/CAJ-MOCKUP-768x543.jpg 768w, https:\/\/www.miragrafik.sk\/wp-content\/uploads\/2023\/01\/CAJ-MOCKUP-18x12.jpg 18w, https:\/\/www.miragrafik.sk\/wp-content\/uploads\/2023\/01\/CAJ-MOCKUP-1140x806.jpg 1140w\" sizes=\"(max-width: 1500px) 100vw, 1500px\" \/>\n\t\t\t<\/div><\/figure><figure class='gallery-item'>\n\t\t\t<div class='gallery-icon landscape'>\n\t\t\t\t<img decoding=\"async\" width=\"1500\" height=\"1060\" src=\"https:\/\/www.miragrafik.sk\/wp-content\/uploads\/2023\/01\/CAJ-OBAL.jpg\" class=\"attachment-full size-full\" alt=\"\" srcset=\"https:\/\/www.miragrafik.sk\/wp-content\/uploads\/2023\/01\/CAJ-OBAL.jpg 1500w, https:\/\/www.miragrafik.sk\/wp-content\/uploads\/2023\/01\/CAJ-OBAL-300x212.jpg 300w, https:\/\/www.miragrafik.sk\/wp-content\/uploads\/2023\/01\/CAJ-OBAL-1024x724.jpg 1024w, https:\/\/www.miragrafik.sk\/wp-content\/uploads\/2023\/01\/CAJ-OBAL-768x543.jpg 768w, https:\/\/www.miragrafik.sk\/wp-content\/uploads\/2023\/01\/CAJ-OBAL-18x12.jpg 18w, https:\/\/www.miragrafik.sk\/wp-content\/uploads\/2023\/01\/CAJ-OBAL-1140x806.jpg 1140w\" sizes=\"(max-width: 1500px) 100vw, 1500px\" \/>\n\t\t\t<\/div><\/figure><figure class='gallery-item'>\n\t\t\t<div class='gallery-icon landscape'>\n\t\t\t\t<img decoding=\"async\" width=\"1500\" height=\"1060\" src=\"https:\/\/www.miragrafik.sk\/wp-content\/uploads\/2023\/01\/COKOLADAMOCKUP-1.jpg\" class=\"attachment-full size-full\" alt=\"\" srcset=\"https:\/\/www.miragrafik.sk\/wp-content\/uploads\/2023\/01\/COKOLADAMOCKUP-1.jpg 1500w, https:\/\/www.miragrafik.sk\/wp-content\/uploads\/2023\/01\/COKOLADAMOCKUP-1-300x212.jpg 300w, https:\/\/www.miragrafik.sk\/wp-content\/uploads\/2023\/01\/COKOLADAMOCKUP-1-1024x724.jpg 1024w, https:\/\/www.miragrafik.sk\/wp-content\/uploads\/2023\/01\/COKOLADAMOCKUP-1-768x543.jpg 768w, https:\/\/www.miragrafik.sk\/wp-content\/uploads\/2023\/01\/COKOLADAMOCKUP-1-18x12.jpg 18w, https:\/\/www.miragrafik.sk\/wp-content\/uploads\/2023\/01\/COKOLADAMOCKUP-1-1140x806.jpg 1140w\" sizes=\"(max-width: 1500px) 100vw, 1500px\" \/>\n\t\t\t<\/div><\/figure><figure class='gallery-item'>\n\t\t\t<div class='gallery-icon landscape'>\n\t\t\t\t<img loading=\"lazy\" decoding=\"async\" width=\"1500\" height=\"1060\" src=\"https:\/\/www.miragrafik.sk\/wp-content\/uploads\/2023\/01\/COKOLADAOBAL.jpg\" class=\"attachment-full size-full\" alt=\"Package design\" srcset=\"https:\/\/www.miragrafik.sk\/wp-content\/uploads\/2023\/01\/COKOLADAOBAL.jpg 1500w, https:\/\/www.miragrafik.sk\/wp-content\/uploads\/2023\/01\/COKOLADAOBAL-300x212.jpg 300w, https:\/\/www.miragrafik.sk\/wp-content\/uploads\/2023\/01\/COKOLADAOBAL-1024x724.jpg 1024w, https:\/\/www.miragrafik.sk\/wp-content\/uploads\/2023\/01\/COKOLADAOBAL-768x543.jpg 768w, https:\/\/www.miragrafik.sk\/wp-content\/uploads\/2023\/01\/COKOLADAOBAL-18x12.jpg 18w, https:\/\/www.miragrafik.sk\/wp-content\/uploads\/2023\/01\/COKOLADAOBAL-1140x806.jpg 1140w\" sizes=\"(max-width: 1500px) 100vw, 1500px\" \/>\n\t\t\t<\/div><\/figure>\n\t\t<\/div>\n\t\t<\/div>\n\t\t\t\t\t\t<\/div>\n\t\t\t\t<\/div>\n\t\t\t\t\t<\/div>\n\t\t<\/div>\n\t\t\t\t\t<\/div>\n\t\t<\/section>\n\t\t\t\t<section class=\"elementor-section elementor-top-section elementor-element elementor-element-5e1a1811 elementor-section-boxed elementor-section-height-default elementor-section-height-default\" data-id=\"5e1a1811\" data-element_type=\"section\" data-settings=\"{&quot;_ha_eqh_enable&quot;:false}\">\n\t\t\t\t\t\t<div class=\"elementor-container elementor-column-gap-default\">\n\t\t\t\t\t<div class=\"elementor-column elementor-col-100 elementor-top-column elementor-element elementor-element-5d1b33fb\" data-id=\"5d1b33fb\" data-element_type=\"column\">\n\t\t\t<div class=\"elementor-widget-wrap elementor-element-populated\">\n\t\t\t\t\t\t<div class=\"elementor-element elementor-element-7b7627cf elementor-widget elementor-widget-text-editor\" data-id=\"7b7627cf\" data-element_type=\"widget\" data-widget_type=\"text-editor.default\">\n\t\t\t\t<div class=\"elementor-widget-container\">\n\t\t\t\t\t\t\t\t\t<p><span style=\"color: #000000;\"><strong>author of the text and graphic design: <\/strong>Miroslava Pavlinsk\u00e1<\/span><br \/><span style=\"color: #000000;\"><strong>www.miragrafik.sk | webdesign, graphic design and photography<\/strong><\/span><\/p><p><!-- \/wp:paragraph --><\/p>\t\t\t\t\t\t\t\t<\/div>\n\t\t\t\t<\/div>\n\t\t\t\t\t<\/div>\n\t\t<\/div>\n\t\t\t\t\t<\/div>\n\t\t<\/section>\n\t\t\t\t<\/div>","protected":false},"excerpt":{"rendered":"<p>Obaly v\u00fdrobkov autorka textu a grafick\u00fdch n\u00e1vrhov: Miroslava Pavlinsk\u00e1www.miragrafik.sk | webdizajn, grafika a fotografia<\/p>","protected":false},"author":1,"featured_media":0,"parent":0,"menu_order":0,"comment_status":"closed","ping_status":"closed","template":"elementor_header_footer","meta":{"footnotes":""},"class_list":["post-15014","page","type-page","status-publish","hentry"],"_links":{"self":[{"href":"https:\/\/www.miragrafik.sk\/en\/wp-json\/wp\/v2\/pages\/15014","targetHints":{"allow":["GET"]}}],"collection":[{"href":"https:\/\/www.miragrafik.sk\/en\/wp-json\/wp\/v2\/pages"}],"about":[{"href":"https:\/\/www.miragrafik.sk\/en\/wp-json\/wp\/v2\/types\/page"}],"author":[{"embeddable":true,"href":"https:\/\/www.miragrafik.sk\/en\/wp-json\/wp\/v2\/users\/1"}],"replies":[{"embeddable":true,"href":"https:\/\/www.miragrafik.sk\/en\/wp-json\/wp\/v2\/comments?post=15014"}],"version-history":[{"count":16,"href":"https:\/\/www.miragrafik.sk\/en\/wp-json\/wp\/v2\/pages\/15014\/revisions"}],"predecessor-version":[{"id":15043,"href":"https:\/\/www.miragrafik.sk\/en\/wp-json\/wp\/v2\/pages\/15014\/revisions\/15043"}],"wp:attachment":[{"href":"https:\/\/www.miragrafik.sk\/en\/wp-json\/wp\/v2\/media?parent=15014"}],"curies":[{"name":"wp","href":"https:\/\/api.w.org\/{rel}","templated":true}]}}