{"id":632,"date":"2020-12-21T11:47:08","date_gmt":"2020-12-21T11:47:08","guid":{"rendered":"http:\/\/www.miragrafik.sk\/?page_id=632"},"modified":"2025-09-27T16:40:24","modified_gmt":"2025-09-27T16:40:24","slug":"o-mne","status":"publish","type":"page","link":"https:\/\/www.miragrafik.sk\/en\/o-mne\/","title":{"rendered":"About me"},"content":{"rendered":"<div data-elementor-type=\"wp-page\" data-elementor-id=\"632\" class=\"elementor elementor-632\" data-elementor-settings=\"{&quot;ha_cmc_init_switcher&quot;:&quot;no&quot;}\">\n\t\t\t\t\t\t<section class=\"elementor-section elementor-top-section elementor-element elementor-element-d350da4 elementor-section-boxed elementor-section-height-default elementor-section-height-default\" data-id=\"d350da4\" data-element_type=\"section\" data-settings=\"{&quot;_ha_eqh_enable&quot;:false}\">\n\t\t\t\t\t\t<div class=\"elementor-container elementor-column-gap-default\">\n\t\t\t\t\t<div class=\"elementor-column elementor-col-100 elementor-top-column elementor-element elementor-element-319c9e9\" data-id=\"319c9e9\" data-element_type=\"column\">\n\t\t\t<div class=\"elementor-widget-wrap elementor-element-populated\">\n\t\t\t\t\t\t<div class=\"elementor-element elementor-element-a8a1e8e elementor-widget elementor-widget-heading\" data-id=\"a8a1e8e\" data-element_type=\"widget\" data-widget_type=\"heading.default\">\n\t\t\t\t<div class=\"elementor-widget-container\">\n\t\t\t\t\t<h1 class=\"elementor-heading-title elementor-size-default\">About me<\/h1>\t\t\t\t<\/div>\n\t\t\t\t<\/div>\n\t\t\t\t\t<\/div>\n\t\t<\/div>\n\t\t\t\t\t<\/div>\n\t\t<\/section>\n\t\t\t\t<section class=\"elementor-section elementor-top-section elementor-element elementor-element-851b752 elementor-section-boxed elementor-section-height-default elementor-section-height-default\" data-id=\"851b752\" data-element_type=\"section\" data-settings=\"{&quot;_ha_eqh_enable&quot;:false}\">\n\t\t\t\t\t\t<div class=\"elementor-container elementor-column-gap-default\">\n\t\t\t\t\t<div class=\"elementor-column elementor-col-100 elementor-top-column elementor-element elementor-element-02e6fd2\" data-id=\"02e6fd2\" data-element_type=\"column\">\n\t\t\t<div class=\"elementor-widget-wrap elementor-element-populated\">\n\t\t\t\t\t\t<div class=\"elementor-element elementor-element-6ced7b3 elementor-hidden-tablet elementor-hidden-mobile elementor-widget elementor-widget-heading\" data-id=\"6ced7b3\" data-element_type=\"widget\" data-widget_type=\"heading.default\">\n\t\t\t\t<div class=\"elementor-widget-container\">\n\t\t\t\t\t<h2 class=\"elementor-heading-title elementor-size-default\">What you should know \"About me\"<\/h2>\t\t\t\t<\/div>\n\t\t\t\t<\/div>\n\t\t\t\t\t<\/div>\n\t\t<\/div>\n\t\t\t\t\t<\/div>\n\t\t<\/section>\n\t\t\t\t<section class=\"elementor-section elementor-top-section elementor-element elementor-element-22ddb89 elementor-section-boxed elementor-section-height-default elementor-section-height-default\" data-id=\"22ddb89\" data-element_type=\"section\" data-settings=\"{&quot;_ha_eqh_enable&quot;:false}\">\n\t\t\t\t\t\t<div class=\"elementor-container elementor-column-gap-default\">\n\t\t\t\t\t<div class=\"elementor-column elementor-col-100 elementor-top-column elementor-element elementor-element-2d0014b\" data-id=\"2d0014b\" data-element_type=\"column\">\n\t\t\t<div class=\"elementor-widget-wrap elementor-element-populated\">\n\t\t\t\t\t\t<div class=\"elementor-element elementor-element-59d6eea elementor-hidden-desktop elementor-widget elementor-widget-heading\" data-id=\"59d6eea\" data-element_type=\"widget\" data-widget_type=\"heading.default\">\n\t\t\t\t<div class=\"elementor-widget-container\">\n\t\t\t\t\t<h2 class=\"elementor-heading-title elementor-size-default\">\u010co by ste mali vedie\u0165  \"O mne\"<\/h2>\t\t\t\t<\/div>\n\t\t\t\t<\/div>\n\t\t\t\t\t<\/div>\n\t\t<\/div>\n\t\t\t\t\t<\/div>\n\t\t<\/section>\n\t\t\t\t<section class=\"elementor-section elementor-top-section elementor-element elementor-element-de28576 elementor-section-boxed elementor-section-height-default elementor-section-height-default\" data-id=\"de28576\" data-element_type=\"section\" data-settings=\"{&quot;_ha_eqh_enable&quot;:false}\">\n\t\t\t\t\t\t<div class=\"elementor-container elementor-column-gap-default\">\n\t\t\t\t\t<div class=\"elementor-column elementor-col-100 elementor-top-column elementor-element elementor-element-9216269\" data-id=\"9216269\" data-element_type=\"column\">\n\t\t\t<div class=\"elementor-widget-wrap elementor-element-populated\">\n\t\t\t\t\t\t<div class=\"elementor-element elementor-element-3abf8cf elementor-hidden-tablet elementor-hidden-mobile elementor-widget elementor-widget-text-editor\" data-id=\"3abf8cf\" data-element_type=\"widget\" data-widget_type=\"text-editor.default\">\n\t\t\t\t<div class=\"elementor-widget-container\">\n\t\t\t\t\t\t\t\t\t<p><span style=\"color: #000000;\">My favorite color is green (<strong>#<a href=\"https:\/\/www.colorhexa.com\/74b72e\">74B72E<\/a><\/strong>), m\u00e1m rada p\u00fapavy (keby bolo na mne, tak by sa z\u00e1hrady nikdy nekosili, a\u017e k\u00fdm ten kr\u00e1sny \u017elt\u00fd koberec p\u00fapav neodkvitne prirodzene) a som vegetari\u00e1nka (najrad\u0161ej m\u00e1m zapekan\u00fd bakla\u017e\u00e1n :-D)&#8230;\u00a0<\/span><\/p><p><strong>I have studied graphic design and photography at high school and slovak language and literature at university.<\/strong> I am also certified webdesigner and webdeveloper. I started to work as an event photographer\/graphic designer and eventually spread out to other fields working for smaller and bigger clients. I debuted as an illustrator with book for children \u2013 <a href=\"https:\/\/www.miragrafik.sk\/en\/elementor-14733\/\">Zrodila sa b\u00e1sni\u010dka<\/a>.<\/p>\t\t\t\t\t\t\t\t<\/div>\n\t\t\t\t<\/div>\n\t\t\t\t\t<\/div>\n\t\t<\/div>\n\t\t\t\t\t<\/div>\n\t\t<\/section>\n\t\t\t\t<section class=\"elementor-section elementor-top-section elementor-element elementor-element-d119fe7 elementor-section-boxed elementor-section-height-default elementor-section-height-default\" data-id=\"d119fe7\" data-element_type=\"section\" data-settings=\"{&quot;_ha_eqh_enable&quot;:false}\">\n\t\t\t\t\t\t<div class=\"elementor-container elementor-column-gap-default\">\n\t\t\t\t\t<div class=\"elementor-column elementor-col-100 elementor-top-column elementor-element elementor-element-370fade\" data-id=\"370fade\" data-element_type=\"column\">\n\t\t\t<div class=\"elementor-widget-wrap elementor-element-populated\">\n\t\t\t\t\t\t<div class=\"elementor-element elementor-element-92f828e elementor-hidden-desktop elementor-widget elementor-widget-text-editor\" data-id=\"92f828e\" data-element_type=\"widget\" data-widget_type=\"text-editor.default\">\n\t\t\t\t<div class=\"elementor-widget-container\">\n\t\t\t\t\t\t\t\t\t<p><span style=\"color: #000000;\">My favorite color is green (<strong>#<a href=\"https:\/\/www.colorhexa.com\/74b72e\">74B72E<\/a><\/strong>), m\u00e1m rada p\u00fapavy (keby bolo na mne, tak by sa z\u00e1hrady nikdy nekosili, a\u017e k\u00fdm ten kr\u00e1sny \u017elt\u00fd koberec p\u00fapav neodkvitne prirodzene) a som vegetari\u00e1nka (najrad\u0161ej m\u00e1m zapekan\u00fd bakla\u017e\u00e1n :-D)&#8230;&nbsp;<\/span><\/p>\n<p><strong>I have studied graphic design and photography at high school and slovak language and literature at university.<\/strong> I am also certified webdesigner and webdeveloper. I started to work as an event photographer\/graphic designer and eventually spread out to other fields working for smaller and bigger clients. I debuted as an illustrator with book for children \u2013 <a href=\"https:\/\/www.miragrafik.sk\/en\/elementor-14733\/\">Zrodila sa b\u00e1sni\u010dka<\/a>.<\/p>\t\t\t\t\t\t\t\t<\/div>\n\t\t\t\t<\/div>\n\t\t\t\t\t<\/div>\n\t\t<\/div>\n\t\t\t\t\t<\/div>\n\t\t<\/section>\n\t\t\t\t<\/div>","protected":false},"excerpt":{"rendered":"<p>O mne \u010co by ste mali vedie\u0165 &#8222;O mne&#8220; \u010co by ste mali vedie\u0165 &#8222;O mne&#8220; Moja ob\u013e\u00faben\u00e1 farba je zelen\u00e1 (#74B72E), m\u00e1m rada p\u00fapavy (keby bolo na mne, tak by sa z\u00e1hrady nikdy nekosili, a\u017e k\u00fdm ten kr\u00e1sny \u017elt\u00fd koberec p\u00fapav neodkvitne prirodzene) a som vegetari\u00e1nka (najrad\u0161ej m\u00e1m zapekan\u00fd bakla\u017e\u00e1n :-D)&#8230;\u00a0 Na strednej som vy\u0161tudovala po\u010d\u00edta\u010dov\u00fa grafiku a fotografick\u00fd dizajn a na v\u00fd\u0161ke slovensk\u00fd jazyk a literat\u00faru. Okrem toho som certifikovan\u00e1 junior webdizajn\u00e9rka a webdeveloperka. Ako fotografka a grafi\u010dka som najprv spolupracovala na viacer\u00fdch kult\u00farnych podujatiach a postupne som svoje p\u00f4sobenie roz\u0161\u00edrila aj do in\u00fdch oblast\u00ed tvorby pre v\u00e4\u010d\u0161\u00edch i men\u0161\u00edch klientov. V roku 2022 som debutovala ako ilustr\u00e1torka detsk\u00fdch kn\u00edh s kni\u017ekou Zrodila sa b\u00e1sni\u010dka. Moja ob\u013e\u00faben\u00e1 farba je zelen\u00e1 (#74B72E), m\u00e1m rada p\u00fapavy (keby bolo na mne, tak by sa z\u00e1hrady nikdy nekosili, a\u017e k\u00fdm ten kr\u00e1sny \u017elt\u00fd koberec p\u00fapav neodkvitne prirodzene) a som vegetari\u00e1nka (najrad\u0161ej m\u00e1m zapekan\u00fd bakla\u017e\u00e1n :-D)&#8230;&nbsp; Na strednej som vy\u0161tudovala po\u010d\u00edta\u010dov\u00fa grafiku a fotografick\u00fd dizajn a na v\u00fd\u0161ke slovensk\u00fd jazyk a literat\u00faru. Okrem toho som certifikovan\u00e1 junior webdizajn\u00e9rka a webdeveloperka. Ako fotografka a grafi\u010dka som najprv spolupracovala na viacer\u00fdch kult\u00farnych podujatiach a postupne som svoje p\u00f4sobenie roz\u0161\u00edrila aj do in\u00fdch oblast\u00ed tvorby pre v\u00e4\u010d\u0161\u00edch i men\u0161\u00edch klientov. V roku 2022 som debutovala ako ilustr\u00e1torka detsk\u00fdch kn\u00edh s kni\u017ekou Zrodila sa b\u00e1sni\u010dka.<\/p>","protected":false},"author":1,"featured_media":0,"parent":0,"menu_order":0,"comment_status":"closed","ping_status":"closed","template":"elementor_header_footer","meta":{"footnotes":""},"class_list":["post-632","page","type-page","status-publish","hentry"],"_links":{"self":[{"href":"https:\/\/www.miragrafik.sk\/en\/wp-json\/wp\/v2\/pages\/632","targetHints":{"allow":["GET"]}}],"collection":[{"href":"https:\/\/www.miragrafik.sk\/en\/wp-json\/wp\/v2\/pages"}],"about":[{"href":"https:\/\/www.miragrafik.sk\/en\/wp-json\/wp\/v2\/types\/page"}],"author":[{"embeddable":true,"href":"https:\/\/www.miragrafik.sk\/en\/wp-json\/wp\/v2\/users\/1"}],"replies":[{"embeddable":true,"href":"https:\/\/www.miragrafik.sk\/en\/wp-json\/wp\/v2\/comments?post=632"}],"version-history":[{"count":28,"href":"https:\/\/www.miragrafik.sk\/en\/wp-json\/wp\/v2\/pages\/632\/revisions"}],"predecessor-version":[{"id":16765,"href":"https:\/\/www.miragrafik.sk\/en\/wp-json\/wp\/v2\/pages\/632\/revisions\/16765"}],"wp:attachment":[{"href":"https:\/\/www.miragrafik.sk\/en\/wp-json\/wp\/v2\/media?parent=632"}],"curies":[{"name":"wp","href":"https:\/\/api.w.org\/{rel}","templated":true}]}}