{"id":880,"date":"2020-12-21T15:01:46","date_gmt":"2020-12-21T15:01:46","guid":{"rendered":"http:\/\/www.miragrafik.sk\/?page_id=880"},"modified":"2024-09-29T12:49:38","modified_gmt":"2024-09-29T12:49:38","slug":"kosice","status":"publish","type":"page","link":"https:\/\/www.miragrafik.sk\/en\/kosice\/","title":{"rendered":"Ko\u0161ice"},"content":{"rendered":"<div data-elementor-type=\"wp-page\" data-elementor-id=\"880\" class=\"elementor elementor-880\" data-elementor-settings=\"{&quot;ha_cmc_init_switcher&quot;:&quot;no&quot;}\">\n\t\t\t\t\t\t<section class=\"elementor-section elementor-top-section elementor-element elementor-element-15f6954a elementor-section-boxed elementor-section-height-default elementor-section-height-default\" data-id=\"15f6954a\" data-element_type=\"section\" data-settings=\"{&quot;_ha_eqh_enable&quot;:false}\">\n\t\t\t\t\t\t<div class=\"elementor-container elementor-column-gap-default\">\n\t\t\t\t\t<div class=\"elementor-column elementor-col-100 elementor-top-column elementor-element elementor-element-21ec2145\" data-id=\"21ec2145\" data-element_type=\"column\">\n\t\t\t<div class=\"elementor-widget-wrap elementor-element-populated\">\n\t\t\t\t\t\t<div class=\"elementor-element elementor-element-0934eac elementor-widget elementor-widget-heading\" data-id=\"0934eac\" data-element_type=\"widget\" data-widget_type=\"heading.default\">\n\t\t\t\t<div class=\"elementor-widget-container\">\n\t\t\t\t\t<h1 class=\"elementor-heading-title elementor-size-default\">Ko\u0161ice<\/h1>\t\t\t\t<\/div>\n\t\t\t\t<\/div>\n\t\t\t\t\t<\/div>\n\t\t<\/div>\n\t\t\t\t\t<\/div>\n\t\t<\/section>\n\t\t\t\t<section class=\"elementor-section elementor-top-section elementor-element elementor-element-b7b9f98 elementor-section-boxed elementor-section-height-default elementor-section-height-default\" data-id=\"b7b9f98\" data-element_type=\"section\" data-settings=\"{&quot;_ha_eqh_enable&quot;:false}\">\n\t\t\t\t\t\t<div class=\"elementor-container elementor-column-gap-default\">\n\t\t\t\t\t<div class=\"elementor-column elementor-col-100 elementor-top-column elementor-element elementor-element-9763ace\" data-id=\"9763ace\" data-element_type=\"column\">\n\t\t\t<div class=\"elementor-widget-wrap elementor-element-populated\">\n\t\t\t\t\t\t<div class=\"elementor-element elementor-element-5da848a gallery-spacing-custom elementor-widget elementor-widget-image-gallery\" data-id=\"5da848a\" data-element_type=\"widget\" data-widget_type=\"image-gallery.default\">\n\t\t\t\t<div class=\"elementor-widget-container\">\n\t\t\t\t\t\t\t<div class=\"elementor-image-gallery\">\n\t\t\t<div id='gallery-1' class='gallery galleryid-880 gallery-columns-3 gallery-size-full'><figure class='gallery-item'>\n\t\t\t<div class='gallery-icon portrait'>\n\t\t\t\t<img fetchpriority=\"high\" decoding=\"async\" width=\"1000\" height=\"1500\" src=\"https:\/\/www.miragrafik.sk\/wp-content\/uploads\/2020\/12\/9mensie.jpg\" class=\"attachment-full size-full\" alt=\"\" srcset=\"https:\/\/www.miragrafik.sk\/wp-content\/uploads\/2020\/12\/9mensie.jpg 1000w, https:\/\/www.miragrafik.sk\/wp-content\/uploads\/2020\/12\/9mensie-200x300.jpg 200w, https:\/\/www.miragrafik.sk\/wp-content\/uploads\/2020\/12\/9mensie-683x1024.jpg 683w, https:\/\/www.miragrafik.sk\/wp-content\/uploads\/2020\/12\/9mensie-768x1152.jpg 768w, https:\/\/www.miragrafik.sk\/wp-content\/uploads\/2020\/12\/9mensie-180x270.jpg 180w\" sizes=\"(max-width: 1000px) 100vw, 1000px\" \/>\n\t\t\t<\/div><\/figure><figure class='gallery-item'>\n\t\t\t<div class='gallery-icon portrait'>\n\t\t\t\t<img decoding=\"async\" width=\"1000\" height=\"1500\" src=\"https:\/\/www.miragrafik.sk\/wp-content\/uploads\/2020\/12\/8mensie.jpg\" class=\"attachment-full size-full\" alt=\"Ko\u0161ice\" srcset=\"https:\/\/www.miragrafik.sk\/wp-content\/uploads\/2020\/12\/8mensie.jpg 1000w, https:\/\/www.miragrafik.sk\/wp-content\/uploads\/2020\/12\/8mensie-200x300.jpg 200w, https:\/\/www.miragrafik.sk\/wp-content\/uploads\/2020\/12\/8mensie-683x1024.jpg 683w, https:\/\/www.miragrafik.sk\/wp-content\/uploads\/2020\/12\/8mensie-768x1152.jpg 768w, https:\/\/www.miragrafik.sk\/wp-content\/uploads\/2020\/12\/8mensie-180x270.jpg 180w\" sizes=\"(max-width: 1000px) 100vw, 1000px\" \/>\n\t\t\t<\/div><\/figure><figure class='gallery-item'>\n\t\t\t<div class='gallery-icon portrait'>\n\t\t\t\t<img decoding=\"async\" width=\"1000\" height=\"1500\" src=\"https:\/\/www.miragrafik.sk\/wp-content\/uploads\/2020\/12\/16mensie.jpg\" class=\"attachment-full size-full\" alt=\"\" srcset=\"https:\/\/www.miragrafik.sk\/wp-content\/uploads\/2020\/12\/16mensie.jpg 1000w, https:\/\/www.miragrafik.sk\/wp-content\/uploads\/2020\/12\/16mensie-200x300.jpg 200w, https:\/\/www.miragrafik.sk\/wp-content\/uploads\/2020\/12\/16mensie-683x1024.jpg 683w, https:\/\/www.miragrafik.sk\/wp-content\/uploads\/2020\/12\/16mensie-768x1152.jpg 768w, https:\/\/www.miragrafik.sk\/wp-content\/uploads\/2020\/12\/16mensie-180x270.jpg 180w\" sizes=\"(max-width: 1000px) 100vw, 1000px\" \/>\n\t\t\t<\/div><\/figure><figure class='gallery-item'>\n\t\t\t<div class='gallery-icon portrait'>\n\t\t\t\t<img loading=\"lazy\" decoding=\"async\" width=\"1000\" height=\"1500\" src=\"https:\/\/www.miragrafik.sk\/wp-content\/uploads\/2020\/12\/21mensie.jpg\" class=\"attachment-full size-full\" alt=\"\" srcset=\"https:\/\/www.miragrafik.sk\/wp-content\/uploads\/2020\/12\/21mensie.jpg 1000w, https:\/\/www.miragrafik.sk\/wp-content\/uploads\/2020\/12\/21mensie-200x300.jpg 200w, https:\/\/www.miragrafik.sk\/wp-content\/uploads\/2020\/12\/21mensie-683x1024.jpg 683w, https:\/\/www.miragrafik.sk\/wp-content\/uploads\/2020\/12\/21mensie-768x1152.jpg 768w, https:\/\/www.miragrafik.sk\/wp-content\/uploads\/2020\/12\/21mensie-180x270.jpg 180w\" sizes=\"(max-width: 1000px) 100vw, 1000px\" \/>\n\t\t\t<\/div><\/figure><figure class='gallery-item'>\n\t\t\t<div class='gallery-icon portrait'>\n\t\t\t\t<img loading=\"lazy\" decoding=\"async\" width=\"1000\" height=\"1500\" src=\"https:\/\/www.miragrafik.sk\/wp-content\/uploads\/2020\/12\/14mensie.jpg\" class=\"attachment-full size-full\" alt=\"\" srcset=\"https:\/\/www.miragrafik.sk\/wp-content\/uploads\/2020\/12\/14mensie.jpg 1000w, https:\/\/www.miragrafik.sk\/wp-content\/uploads\/2020\/12\/14mensie-200x300.jpg 200w, https:\/\/www.miragrafik.sk\/wp-content\/uploads\/2020\/12\/14mensie-683x1024.jpg 683w, https:\/\/www.miragrafik.sk\/wp-content\/uploads\/2020\/12\/14mensie-768x1152.jpg 768w, https:\/\/www.miragrafik.sk\/wp-content\/uploads\/2020\/12\/14mensie-180x270.jpg 180w\" sizes=\"(max-width: 1000px) 100vw, 1000px\" \/>\n\t\t\t<\/div><\/figure><figure class='gallery-item'>\n\t\t\t<div class='gallery-icon portrait'>\n\t\t\t\t<img loading=\"lazy\" decoding=\"async\" width=\"1000\" height=\"1500\" src=\"https:\/\/www.miragrafik.sk\/wp-content\/uploads\/2020\/12\/11mensie.jpg\" class=\"attachment-full size-full\" alt=\"\" srcset=\"https:\/\/www.miragrafik.sk\/wp-content\/uploads\/2020\/12\/11mensie.jpg 1000w, https:\/\/www.miragrafik.sk\/wp-content\/uploads\/2020\/12\/11mensie-200x300.jpg 200w, https:\/\/www.miragrafik.sk\/wp-content\/uploads\/2020\/12\/11mensie-683x1024.jpg 683w, https:\/\/www.miragrafik.sk\/wp-content\/uploads\/2020\/12\/11mensie-768x1152.jpg 768w, https:\/\/www.miragrafik.sk\/wp-content\/uploads\/2020\/12\/11mensie-180x270.jpg 180w\" sizes=\"(max-width: 1000px) 100vw, 1000px\" \/>\n\t\t\t<\/div><\/figure><figure class='gallery-item'>\n\t\t\t<div class='gallery-icon portrait'>\n\t\t\t\t<img loading=\"lazy\" decoding=\"async\" width=\"1000\" height=\"1500\" src=\"https:\/\/www.miragrafik.sk\/wp-content\/uploads\/2020\/12\/Obrazok-049mensie.jpg\" class=\"attachment-full size-full\" alt=\"Ko\u0161ice\" srcset=\"https:\/\/www.miragrafik.sk\/wp-content\/uploads\/2020\/12\/Obrazok-049mensie.jpg 1000w, https:\/\/www.miragrafik.sk\/wp-content\/uploads\/2020\/12\/Obrazok-049mensie-200x300.jpg 200w, https:\/\/www.miragrafik.sk\/wp-content\/uploads\/2020\/12\/Obrazok-049mensie-683x1024.jpg 683w, https:\/\/www.miragrafik.sk\/wp-content\/uploads\/2020\/12\/Obrazok-049mensie-768x1152.jpg 768w, https:\/\/www.miragrafik.sk\/wp-content\/uploads\/2020\/12\/Obrazok-049mensie-180x270.jpg 180w\" sizes=\"(max-width: 1000px) 100vw, 1000px\" \/>\n\t\t\t<\/div><\/figure><figure class='gallery-item'>\n\t\t\t<div class='gallery-icon portrait'>\n\t\t\t\t<img loading=\"lazy\" decoding=\"async\" width=\"1000\" height=\"1500\" src=\"https:\/\/www.miragrafik.sk\/wp-content\/uploads\/2022\/04\/DSC07999mensie2.jpg\" class=\"attachment-full size-full\" alt=\"\" srcset=\"https:\/\/www.miragrafik.sk\/wp-content\/uploads\/2022\/04\/DSC07999mensie2.jpg 1000w, https:\/\/www.miragrafik.sk\/wp-content\/uploads\/2022\/04\/DSC07999mensie2-200x300.jpg 200w, https:\/\/www.miragrafik.sk\/wp-content\/uploads\/2022\/04\/DSC07999mensie2-683x1024.jpg 683w, https:\/\/www.miragrafik.sk\/wp-content\/uploads\/2022\/04\/DSC07999mensie2-768x1152.jpg 768w, https:\/\/www.miragrafik.sk\/wp-content\/uploads\/2022\/04\/DSC07999mensie2-8x12.jpg 8w\" sizes=\"(max-width: 1000px) 100vw, 1000px\" \/>\n\t\t\t<\/div><\/figure><figure class='gallery-item'>\n\t\t\t<div class='gallery-icon portrait'>\n\t\t\t\t<img loading=\"lazy\" decoding=\"async\" width=\"1000\" height=\"1500\" src=\"https:\/\/www.miragrafik.sk\/wp-content\/uploads\/2020\/12\/Obrazok-090mensie.jpg\" class=\"attachment-full size-full\" alt=\"\" srcset=\"https:\/\/www.miragrafik.sk\/wp-content\/uploads\/2020\/12\/Obrazok-090mensie.jpg 1000w, https:\/\/www.miragrafik.sk\/wp-content\/uploads\/2020\/12\/Obrazok-090mensie-200x300.jpg 200w, https:\/\/www.miragrafik.sk\/wp-content\/uploads\/2020\/12\/Obrazok-090mensie-683x1024.jpg 683w, https:\/\/www.miragrafik.sk\/wp-content\/uploads\/2020\/12\/Obrazok-090mensie-768x1152.jpg 768w, https:\/\/www.miragrafik.sk\/wp-content\/uploads\/2020\/12\/Obrazok-090mensie-180x270.jpg 180w\" sizes=\"(max-width: 1000px) 100vw, 1000px\" \/>\n\t\t\t<\/div><\/figure>\n\t\t<\/div>\n\t\t<\/div>\n\t\t\t\t\t\t<\/div>\n\t\t\t\t<\/div>\n\t\t\t\t<div class=\"elementor-element elementor-element-228cb68 gallery-spacing-custom elementor-widget elementor-widget-image-gallery\" data-id=\"228cb68\" data-element_type=\"widget\" data-widget_type=\"image-gallery.default\">\n\t\t\t\t<div class=\"elementor-widget-container\">\n\t\t\t\t\t\t\t<div class=\"elementor-image-gallery\">\n\t\t\t<div id='gallery-2' class='gallery galleryid-880 gallery-columns-2 gallery-size-full'><figure class='gallery-item'>\n\t\t\t<div class='gallery-icon portrait'>\n\t\t\t\t<img loading=\"lazy\" decoding=\"async\" width=\"1000\" height=\"1500\" src=\"https:\/\/www.miragrafik.sk\/wp-content\/uploads\/2020\/12\/IMG_8329mensie.jpg\" class=\"attachment-full size-full\" alt=\"Ko\u0161ice\" srcset=\"https:\/\/www.miragrafik.sk\/wp-content\/uploads\/2020\/12\/IMG_8329mensie.jpg 1000w, https:\/\/www.miragrafik.sk\/wp-content\/uploads\/2020\/12\/IMG_8329mensie-200x300.jpg 200w, https:\/\/www.miragrafik.sk\/wp-content\/uploads\/2020\/12\/IMG_8329mensie-683x1024.jpg 683w, https:\/\/www.miragrafik.sk\/wp-content\/uploads\/2020\/12\/IMG_8329mensie-768x1152.jpg 768w, https:\/\/www.miragrafik.sk\/wp-content\/uploads\/2020\/12\/IMG_8329mensie-180x270.jpg 180w\" sizes=\"(max-width: 1000px) 100vw, 1000px\" \/>\n\t\t\t<\/div><\/figure><figure class='gallery-item'>\n\t\t\t<div class='gallery-icon portrait'>\n\t\t\t\t<img loading=\"lazy\" decoding=\"async\" width=\"1000\" height=\"1500\" src=\"https:\/\/www.miragrafik.sk\/wp-content\/uploads\/2020\/12\/IMG_8007mensie.jpg\" class=\"attachment-full size-full\" alt=\"Ko\u0161ice\" srcset=\"https:\/\/www.miragrafik.sk\/wp-content\/uploads\/2020\/12\/IMG_8007mensie.jpg 1000w, https:\/\/www.miragrafik.sk\/wp-content\/uploads\/2020\/12\/IMG_8007mensie-200x300.jpg 200w, https:\/\/www.miragrafik.sk\/wp-content\/uploads\/2020\/12\/IMG_8007mensie-683x1024.jpg 683w, https:\/\/www.miragrafik.sk\/wp-content\/uploads\/2020\/12\/IMG_8007mensie-768x1152.jpg 768w, https:\/\/www.miragrafik.sk\/wp-content\/uploads\/2020\/12\/IMG_8007mensie-180x270.jpg 180w\" sizes=\"(max-width: 1000px) 100vw, 1000px\" \/>\n\t\t\t<\/div><\/figure>\n\t\t<\/div>\n\t\t<\/div>\n\t\t\t\t\t\t<\/div>\n\t\t\t\t<\/div>\n\t\t\t\t\t<\/div>\n\t\t<\/div>\n\t\t\t\t\t<\/div>\n\t\t<\/section>\n\t\t\t\t<section class=\"elementor-section elementor-top-section elementor-element elementor-element-2786c64 elementor-section-boxed elementor-section-height-default elementor-section-height-default\" data-id=\"2786c64\" data-element_type=\"section\" data-settings=\"{&quot;_ha_eqh_enable&quot;:false}\">\n\t\t\t\t\t\t<div class=\"elementor-container elementor-column-gap-default\">\n\t\t\t\t\t<div class=\"elementor-column elementor-col-100 elementor-top-column elementor-element elementor-element-e98ab0e\" data-id=\"e98ab0e\" data-element_type=\"column\">\n\t\t\t<div class=\"elementor-widget-wrap elementor-element-populated\">\n\t\t\t\t\t\t<div class=\"elementor-element elementor-element-bfaf610 gallery-spacing-custom elementor-widget elementor-widget-image-gallery\" data-id=\"bfaf610\" data-element_type=\"widget\" data-widget_type=\"image-gallery.default\">\n\t\t\t\t<div class=\"elementor-widget-container\">\n\t\t\t\t\t\t\t<div class=\"elementor-image-gallery\">\n\t\t\t<div id='gallery-3' class='gallery galleryid-880 gallery-columns-2 gallery-size-full'><figure class='gallery-item'>\n\t\t\t<div class='gallery-icon landscape'>\n\t\t\t\t<img loading=\"lazy\" decoding=\"async\" width=\"2250\" height=\"1500\" src=\"https:\/\/www.miragrafik.sk\/wp-content\/uploads\/2020\/12\/IMG_8395mensie.jpg\" class=\"attachment-full size-full\" alt=\"\" srcset=\"https:\/\/www.miragrafik.sk\/wp-content\/uploads\/2020\/12\/IMG_8395mensie.jpg 2250w, https:\/\/www.miragrafik.sk\/wp-content\/uploads\/2020\/12\/IMG_8395mensie-300x200.jpg 300w, https:\/\/www.miragrafik.sk\/wp-content\/uploads\/2020\/12\/IMG_8395mensie-1024x683.jpg 1024w, https:\/\/www.miragrafik.sk\/wp-content\/uploads\/2020\/12\/IMG_8395mensie-768x512.jpg 768w, https:\/\/www.miragrafik.sk\/wp-content\/uploads\/2020\/12\/IMG_8395mensie-1536x1024.jpg 1536w, https:\/\/www.miragrafik.sk\/wp-content\/uploads\/2020\/12\/IMG_8395mensie-2048x1365.jpg 2048w, https:\/\/www.miragrafik.sk\/wp-content\/uploads\/2020\/12\/IMG_8395mensie-405x270.jpg 405w\" sizes=\"(max-width: 2250px) 100vw, 2250px\" \/>\n\t\t\t<\/div><\/figure><figure class='gallery-item'>\n\t\t\t<div class='gallery-icon landscape'>\n\t\t\t\t<img loading=\"lazy\" decoding=\"async\" width=\"2250\" height=\"1500\" src=\"https:\/\/www.miragrafik.sk\/wp-content\/uploads\/2020\/12\/IMG_8375mensie.jpg\" class=\"attachment-full size-full\" alt=\"\" srcset=\"https:\/\/www.miragrafik.sk\/wp-content\/uploads\/2020\/12\/IMG_8375mensie.jpg 2250w, https:\/\/www.miragrafik.sk\/wp-content\/uploads\/2020\/12\/IMG_8375mensie-300x200.jpg 300w, https:\/\/www.miragrafik.sk\/wp-content\/uploads\/2020\/12\/IMG_8375mensie-1024x683.jpg 1024w, https:\/\/www.miragrafik.sk\/wp-content\/uploads\/2020\/12\/IMG_8375mensie-768x512.jpg 768w, https:\/\/www.miragrafik.sk\/wp-content\/uploads\/2020\/12\/IMG_8375mensie-1536x1024.jpg 1536w, https:\/\/www.miragrafik.sk\/wp-content\/uploads\/2020\/12\/IMG_8375mensie-2048x1365.jpg 2048w, https:\/\/www.miragrafik.sk\/wp-content\/uploads\/2020\/12\/IMG_8375mensie-405x270.jpg 405w\" sizes=\"(max-width: 2250px) 100vw, 2250px\" \/>\n\t\t\t<\/div><\/figure><figure class='gallery-item'>\n\t\t\t<div class='gallery-icon landscape'>\n\t\t\t\t<img loading=\"lazy\" decoding=\"async\" width=\"2250\" height=\"1500\" src=\"https:\/\/www.miragrafik.sk\/wp-content\/uploads\/2020\/12\/IMG_8300mensie.jpg\" class=\"attachment-full size-full\" alt=\"\" srcset=\"https:\/\/www.miragrafik.sk\/wp-content\/uploads\/2020\/12\/IMG_8300mensie.jpg 2250w, https:\/\/www.miragrafik.sk\/wp-content\/uploads\/2020\/12\/IMG_8300mensie-300x200.jpg 300w, https:\/\/www.miragrafik.sk\/wp-content\/uploads\/2020\/12\/IMG_8300mensie-1024x683.jpg 1024w, https:\/\/www.miragrafik.sk\/wp-content\/uploads\/2020\/12\/IMG_8300mensie-768x512.jpg 768w, https:\/\/www.miragrafik.sk\/wp-content\/uploads\/2020\/12\/IMG_8300mensie-1536x1024.jpg 1536w, https:\/\/www.miragrafik.sk\/wp-content\/uploads\/2020\/12\/IMG_8300mensie-2048x1365.jpg 2048w, https:\/\/www.miragrafik.sk\/wp-content\/uploads\/2020\/12\/IMG_8300mensie-405x270.jpg 405w\" sizes=\"(max-width: 2250px) 100vw, 2250px\" \/>\n\t\t\t<\/div><\/figure><figure class='gallery-item'>\n\t\t\t<div class='gallery-icon landscape'>\n\t\t\t\t<img loading=\"lazy\" decoding=\"async\" width=\"2250\" height=\"1500\" src=\"https:\/\/www.miragrafik.sk\/wp-content\/uploads\/2020\/12\/IMG_8297mensie.jpg\" class=\"attachment-full size-full\" alt=\"\" srcset=\"https:\/\/www.miragrafik.sk\/wp-content\/uploads\/2020\/12\/IMG_8297mensie.jpg 2250w, https:\/\/www.miragrafik.sk\/wp-content\/uploads\/2020\/12\/IMG_8297mensie-300x200.jpg 300w, https:\/\/www.miragrafik.sk\/wp-content\/uploads\/2020\/12\/IMG_8297mensie-1024x683.jpg 1024w, https:\/\/www.miragrafik.sk\/wp-content\/uploads\/2020\/12\/IMG_8297mensie-768x512.jpg 768w, https:\/\/www.miragrafik.sk\/wp-content\/uploads\/2020\/12\/IMG_8297mensie-1536x1024.jpg 1536w, https:\/\/www.miragrafik.sk\/wp-content\/uploads\/2020\/12\/IMG_8297mensie-2048x1365.jpg 2048w, https:\/\/www.miragrafik.sk\/wp-content\/uploads\/2020\/12\/IMG_8297mensie-405x270.jpg 405w\" sizes=\"(max-width: 2250px) 100vw, 2250px\" \/>\n\t\t\t<\/div><\/figure>\n\t\t<\/div>\n\t\t<\/div>\n\t\t\t\t\t\t<\/div>\n\t\t\t\t<\/div>\n\t\t\t\t\t<\/div>\n\t\t<\/div>\n\t\t\t\t\t<\/div>\n\t\t<\/section>\n\t\t\t\t<section class=\"elementor-section elementor-top-section elementor-element elementor-element-33fb4f86 elementor-section-boxed elementor-section-height-default elementor-section-height-default\" data-id=\"33fb4f86\" data-element_type=\"section\" data-settings=\"{&quot;_ha_eqh_enable&quot;:false}\">\n\t\t\t\t\t\t<div class=\"elementor-container elementor-column-gap-default\">\n\t\t\t\t\t<div class=\"elementor-column elementor-col-100 elementor-top-column elementor-element elementor-element-32fc277d\" data-id=\"32fc277d\" data-element_type=\"column\">\n\t\t\t<div class=\"elementor-widget-wrap elementor-element-populated\">\n\t\t\t\t\t\t<div class=\"elementor-element elementor-element-61db3b29 elementor-widget elementor-widget-text-editor\" data-id=\"61db3b29\" data-element_type=\"widget\" data-widget_type=\"text-editor.default\">\n\t\t\t\t<div class=\"elementor-widget-container\">\n\t\t\t\t\t\t\t\t\t<p><span style=\"color: #000000;\"><strong>author of the text and photographs:<\/strong> Miroslava Pavlinsk\u00e1<\/span><br><span style=\"color: #000000;\"><strong>www.miragrafik.sk | webdesign, graphic design and photography<\/strong><\/span><\/p>\t\t\t\t\t\t\t\t<\/div>\n\t\t\t\t<\/div>\n\t\t\t\t\t<\/div>\n\t\t<\/div>\n\t\t\t\t\t<\/div>\n\t\t<\/section>\n\t\t\t\t<\/div>","protected":false},"excerpt":{"rendered":"<p>Ko\u0161ice autorka textu a fotografi\u00ed: Miroslava Pavlinsk\u00e1www.miragrafik.sk | webdizajn, grafika a fotografia<\/p>","protected":false},"author":1,"featured_media":0,"parent":0,"menu_order":0,"comment_status":"closed","ping_status":"closed","template":"elementor_header_footer","meta":{"footnotes":""},"class_list":["post-880","page","type-page","status-publish","hentry"],"_links":{"self":[{"href":"https:\/\/www.miragrafik.sk\/en\/wp-json\/wp\/v2\/pages\/880","targetHints":{"allow":["GET"]}}],"collection":[{"href":"https:\/\/www.miragrafik.sk\/en\/wp-json\/wp\/v2\/pages"}],"about":[{"href":"https:\/\/www.miragrafik.sk\/en\/wp-json\/wp\/v2\/types\/page"}],"author":[{"embeddable":true,"href":"https:\/\/www.miragrafik.sk\/en\/wp-json\/wp\/v2\/users\/1"}],"replies":[{"embeddable":true,"href":"https:\/\/www.miragrafik.sk\/en\/wp-json\/wp\/v2\/comments?post=880"}],"version-history":[{"count":37,"href":"https:\/\/www.miragrafik.sk\/en\/wp-json\/wp\/v2\/pages\/880\/revisions"}],"predecessor-version":[{"id":16628,"href":"https:\/\/www.miragrafik.sk\/en\/wp-json\/wp\/v2\/pages\/880\/revisions\/16628"}],"wp:attachment":[{"href":"https:\/\/www.miragrafik.sk\/en\/wp-json\/wp\/v2\/media?parent=880"}],"curies":[{"name":"wp","href":"https:\/\/api.w.org\/{rel}","templated":true}]}}