{"id":892,"date":"2020-12-21T15:13:42","date_gmt":"2020-12-21T15:13:42","guid":{"rendered":"http:\/\/www.miragrafik.sk\/?page_id=892"},"modified":"2024-09-29T17:03:22","modified_gmt":"2024-09-29T17:03:22","slug":"portrety","status":"publish","type":"page","link":"https:\/\/www.miragrafik.sk\/en\/portrety\/","title":{"rendered":"Portraits"},"content":{"rendered":"<div data-elementor-type=\"wp-page\" data-elementor-id=\"892\" class=\"elementor elementor-892\" data-elementor-settings=\"{&quot;ha_cmc_init_switcher&quot;:&quot;no&quot;}\">\n\t\t\t\t\t\t<section class=\"elementor-section elementor-top-section elementor-element elementor-element-59e2711 elementor-section-boxed elementor-section-height-default elementor-section-height-default\" data-id=\"59e2711\" data-element_type=\"section\" data-settings=\"{&quot;_ha_eqh_enable&quot;:false}\">\n\t\t\t\t\t\t<div class=\"elementor-container elementor-column-gap-default\">\n\t\t\t\t\t<div class=\"elementor-column elementor-col-100 elementor-top-column elementor-element elementor-element-ee16c59\" data-id=\"ee16c59\" data-element_type=\"column\">\n\t\t\t<div class=\"elementor-widget-wrap elementor-element-populated\">\n\t\t\t\t\t\t<div class=\"elementor-element elementor-element-51f172a elementor-widget elementor-widget-heading\" data-id=\"51f172a\" data-element_type=\"widget\" data-widget_type=\"heading.default\">\n\t\t\t\t<div class=\"elementor-widget-container\">\n\t\t\t\t\t<h1 class=\"elementor-heading-title elementor-size-default\">Portraits<\/h1>\t\t\t\t<\/div>\n\t\t\t\t<\/div>\n\t\t\t\t\t<\/div>\n\t\t<\/div>\n\t\t\t\t\t<\/div>\n\t\t<\/section>\n\t\t\t\t<section class=\"elementor-section elementor-top-section elementor-element elementor-element-99585b8 elementor-section-boxed elementor-section-height-default elementor-section-height-default\" data-id=\"99585b8\" data-element_type=\"section\" data-settings=\"{&quot;_ha_eqh_enable&quot;:false}\">\n\t\t\t\t\t\t<div class=\"elementor-container elementor-column-gap-default\">\n\t\t\t\t\t<div class=\"elementor-column elementor-col-100 elementor-top-column elementor-element elementor-element-064fd0b\" data-id=\"064fd0b\" data-element_type=\"column\">\n\t\t\t<div class=\"elementor-widget-wrap elementor-element-populated\">\n\t\t\t\t\t\t<div class=\"elementor-element elementor-element-1693723 gallery-spacing-custom elementor-widget elementor-widget-image-gallery\" data-id=\"1693723\" data-element_type=\"widget\" data-widget_type=\"image-gallery.default\">\n\t\t\t\t<div class=\"elementor-widget-container\">\n\t\t\t\t\t\t\t<div class=\"elementor-image-gallery\">\n\t\t\t<div id='gallery-1' class='gallery galleryid-892 gallery-columns-3 gallery-size-2048x2048'><figure class='gallery-item'>\n\t\t\t<div class='gallery-icon portrait'>\n\t\t\t\t<img fetchpriority=\"high\" decoding=\"async\" width=\"1000\" height=\"1333\" src=\"https:\/\/www.miragrafik.sk\/wp-content\/uploads\/2022\/04\/9-ciernobiele-ine.jpg\" class=\"attachment-2048x2048 size-2048x2048\" alt=\"\" srcset=\"https:\/\/www.miragrafik.sk\/wp-content\/uploads\/2022\/04\/9-ciernobiele-ine.jpg 1000w, https:\/\/www.miragrafik.sk\/wp-content\/uploads\/2022\/04\/9-ciernobiele-ine-225x300.jpg 225w, https:\/\/www.miragrafik.sk\/wp-content\/uploads\/2022\/04\/9-ciernobiele-ine-768x1024.jpg 768w, https:\/\/www.miragrafik.sk\/wp-content\/uploads\/2022\/04\/9-ciernobiele-ine-9x12.jpg 9w\" sizes=\"(max-width: 1000px) 100vw, 1000px\" \/>\n\t\t\t<\/div><\/figure><figure class='gallery-item'>\n\t\t\t<div class='gallery-icon portrait'>\n\t\t\t\t<img decoding=\"async\" width=\"1000\" height=\"1333\" src=\"https:\/\/www.miragrafik.sk\/wp-content\/uploads\/2022\/04\/Rado-o-cosi-mensie.jpg\" class=\"attachment-2048x2048 size-2048x2048\" alt=\"\" srcset=\"https:\/\/www.miragrafik.sk\/wp-content\/uploads\/2022\/04\/Rado-o-cosi-mensie.jpg 1000w, https:\/\/www.miragrafik.sk\/wp-content\/uploads\/2022\/04\/Rado-o-cosi-mensie-225x300.jpg 225w, https:\/\/www.miragrafik.sk\/wp-content\/uploads\/2022\/04\/Rado-o-cosi-mensie-768x1024.jpg 768w, https:\/\/www.miragrafik.sk\/wp-content\/uploads\/2022\/04\/Rado-o-cosi-mensie-9x12.jpg 9w\" sizes=\"(max-width: 1000px) 100vw, 1000px\" \/>\n\t\t\t<\/div><\/figure><figure class='gallery-item'>\n\t\t\t<div class='gallery-icon portrait'>\n\t\t\t\t<img decoding=\"async\" width=\"1125\" height=\"1500\" src=\"https:\/\/www.miragrafik.sk\/wp-content\/uploads\/2020\/12\/1mensie-1.jpg\" class=\"attachment-2048x2048 size-2048x2048\" alt=\"\" srcset=\"https:\/\/www.miragrafik.sk\/wp-content\/uploads\/2020\/12\/1mensie-1.jpg 1125w, https:\/\/www.miragrafik.sk\/wp-content\/uploads\/2020\/12\/1mensie-1-225x300.jpg 225w, https:\/\/www.miragrafik.sk\/wp-content\/uploads\/2020\/12\/1mensie-1-768x1024.jpg 768w, https:\/\/www.miragrafik.sk\/wp-content\/uploads\/2020\/12\/1mensie-1-203x270.jpg 203w\" sizes=\"(max-width: 1125px) 100vw, 1125px\" \/>\n\t\t\t<\/div><\/figure>\n\t\t<\/div>\n\t\t<\/div>\n\t\t\t\t\t\t<\/div>\n\t\t\t\t<\/div>\n\t\t\t\t\t<\/div>\n\t\t<\/div>\n\t\t\t\t\t<\/div>\n\t\t<\/section>\n\t\t\t\t<section class=\"elementor-section elementor-top-section elementor-element elementor-element-11725cef elementor-section-boxed elementor-section-height-default elementor-section-height-default\" data-id=\"11725cef\" data-element_type=\"section\" data-settings=\"{&quot;_ha_eqh_enable&quot;:false}\">\n\t\t\t\t\t\t<div class=\"elementor-container elementor-column-gap-default\">\n\t\t\t\t\t<div class=\"elementor-column elementor-col-100 elementor-top-column elementor-element elementor-element-508704c5\" data-id=\"508704c5\" data-element_type=\"column\">\n\t\t\t<div class=\"elementor-widget-wrap elementor-element-populated\">\n\t\t\t\t\t\t<div class=\"elementor-element elementor-element-7da219d0 elementor-widget elementor-widget-text-editor\" data-id=\"7da219d0\" data-element_type=\"widget\" data-widget_type=\"text-editor.default\">\n\t\t\t\t<div class=\"elementor-widget-container\">\n\t\t\t\t\t\t\t\t\t<p><span style=\"color: #000000;\"><strong>author of the text and photographs:<\/strong> Miroslava Pavlinsk\u00e1<\/span><br \/><span style=\"color: #000000;\"><strong>www.miragrafik.sk | webdesign, graphic design and photography<\/strong><\/span><\/p>\t\t\t\t\t\t\t\t<\/div>\n\t\t\t\t<\/div>\n\t\t\t\t\t<\/div>\n\t\t<\/div>\n\t\t\t\t\t<\/div>\n\t\t<\/section>\n\t\t\t\t<\/div>","protected":false},"excerpt":{"rendered":"<p>Portr\u00e9ty autorka textu a fotografi\u00ed: Miroslava Pavlinsk\u00e1www.miragrafik.sk | webdizajn, grafika a fotografia<\/p>","protected":false},"author":1,"featured_media":0,"parent":0,"menu_order":0,"comment_status":"closed","ping_status":"closed","template":"elementor_header_footer","meta":{"footnotes":""},"class_list":["post-892","page","type-page","status-publish","hentry"],"_links":{"self":[{"href":"https:\/\/www.miragrafik.sk\/en\/wp-json\/wp\/v2\/pages\/892","targetHints":{"allow":["GET"]}}],"collection":[{"href":"https:\/\/www.miragrafik.sk\/en\/wp-json\/wp\/v2\/pages"}],"about":[{"href":"https:\/\/www.miragrafik.sk\/en\/wp-json\/wp\/v2\/types\/page"}],"author":[{"embeddable":true,"href":"https:\/\/www.miragrafik.sk\/en\/wp-json\/wp\/v2\/users\/1"}],"replies":[{"embeddable":true,"href":"https:\/\/www.miragrafik.sk\/en\/wp-json\/wp\/v2\/comments?post=892"}],"version-history":[{"count":31,"href":"https:\/\/www.miragrafik.sk\/en\/wp-json\/wp\/v2\/pages\/892\/revisions"}],"predecessor-version":[{"id":16718,"href":"https:\/\/www.miragrafik.sk\/en\/wp-json\/wp\/v2\/pages\/892\/revisions\/16718"}],"wp:attachment":[{"href":"https:\/\/www.miragrafik.sk\/en\/wp-json\/wp\/v2\/media?parent=892"}],"curies":[{"name":"wp","href":"https:\/\/api.w.org\/{rel}","templated":true}]}}