{"id":922,"date":"2020-12-21T15:50:28","date_gmt":"2020-12-21T15:50:28","guid":{"rendered":"http:\/\/www.miragrafik.sk\/?page_id=922"},"modified":"2024-09-29T12:43:29","modified_gmt":"2024-09-29T12:43:29","slug":"kalendar","status":"publish","type":"page","link":"https:\/\/www.miragrafik.sk\/en\/kalendar\/","title":{"rendered":"Calendar"},"content":{"rendered":"<div data-elementor-type=\"wp-page\" data-elementor-id=\"922\" class=\"elementor elementor-922\" data-elementor-settings=\"{&quot;ha_cmc_init_switcher&quot;:&quot;no&quot;}\">\n\t\t\t\t\t\t<section class=\"elementor-section elementor-top-section elementor-element elementor-element-54174877 elementor-section-boxed elementor-section-height-default elementor-section-height-default\" data-id=\"54174877\" data-element_type=\"section\" data-settings=\"{&quot;_ha_eqh_enable&quot;:false}\">\n\t\t\t\t\t\t<div class=\"elementor-container elementor-column-gap-default\">\n\t\t\t\t\t<div class=\"elementor-column elementor-col-100 elementor-top-column elementor-element elementor-element-3f6583e7\" data-id=\"3f6583e7\" data-element_type=\"column\">\n\t\t\t<div class=\"elementor-widget-wrap elementor-element-populated\">\n\t\t\t\t\t\t<div class=\"elementor-element elementor-element-67bb515 elementor-widget elementor-widget-heading\" data-id=\"67bb515\" data-element_type=\"widget\" data-widget_type=\"heading.default\">\n\t\t\t\t<div class=\"elementor-widget-container\">\n\t\t\t\t\t<h1 class=\"elementor-heading-title elementor-size-default\">Calendar<\/h1>\t\t\t\t<\/div>\n\t\t\t\t<\/div>\n\t\t\t\t\t<\/div>\n\t\t<\/div>\n\t\t\t\t\t<\/div>\n\t\t<\/section>\n\t\t\t\t<section class=\"elementor-section elementor-top-section elementor-element elementor-element-a3dda57 elementor-section-boxed elementor-section-height-default elementor-section-height-default\" data-id=\"a3dda57\" data-element_type=\"section\" data-settings=\"{&quot;_ha_eqh_enable&quot;:false}\">\n\t\t\t\t\t\t<div class=\"elementor-container elementor-column-gap-default\">\n\t\t\t\t\t<div class=\"elementor-column elementor-col-100 elementor-top-column elementor-element elementor-element-7c22e0e\" data-id=\"7c22e0e\" data-element_type=\"column\">\n\t\t\t<div class=\"elementor-widget-wrap elementor-element-populated\">\n\t\t\t\t\t\t<div class=\"elementor-element elementor-element-a3d0ea7 gallery-spacing-custom elementor-widget elementor-widget-image-gallery\" data-id=\"a3d0ea7\" data-element_type=\"widget\" data-widget_type=\"image-gallery.default\">\n\t\t\t\t<div class=\"elementor-widget-container\">\n\t\t\t\t\t\t\t<div class=\"elementor-image-gallery\">\n\t\t\t<div id='gallery-1' class='gallery galleryid-922 gallery-columns-3 gallery-size-full'><figure class='gallery-item'>\n\t\t\t<div class='gallery-icon landscape'>\n\t\t\t\t<img fetchpriority=\"high\" decoding=\"async\" width=\"1920\" height=\"1357\" src=\"https:\/\/www.miragrafik.sk\/wp-content\/uploads\/2020\/12\/01.JANUAR-mensie.jpg\" class=\"attachment-full size-full\" alt=\"\" srcset=\"https:\/\/www.miragrafik.sk\/wp-content\/uploads\/2020\/12\/01.JANUAR-mensie.jpg 1920w, https:\/\/www.miragrafik.sk\/wp-content\/uploads\/2020\/12\/01.JANUAR-mensie-300x212.jpg 300w, https:\/\/www.miragrafik.sk\/wp-content\/uploads\/2020\/12\/01.JANUAR-mensie-1024x724.jpg 1024w, https:\/\/www.miragrafik.sk\/wp-content\/uploads\/2020\/12\/01.JANUAR-mensie-768x543.jpg 768w, https:\/\/www.miragrafik.sk\/wp-content\/uploads\/2020\/12\/01.JANUAR-mensie-1536x1086.jpg 1536w, https:\/\/www.miragrafik.sk\/wp-content\/uploads\/2020\/12\/01.JANUAR-mensie-382x270.jpg 382w\" sizes=\"(max-width: 1920px) 100vw, 1920px\" \/>\n\t\t\t<\/div><\/figure><figure class='gallery-item'>\n\t\t\t<div class='gallery-icon landscape'>\n\t\t\t\t<img decoding=\"async\" width=\"1920\" height=\"1357\" src=\"https:\/\/www.miragrafik.sk\/wp-content\/uploads\/2020\/12\/02.FEBRUAR-mensie.jpg\" class=\"attachment-full size-full\" alt=\"kalend\u00e1r\" srcset=\"https:\/\/www.miragrafik.sk\/wp-content\/uploads\/2020\/12\/02.FEBRUAR-mensie.jpg 1920w, https:\/\/www.miragrafik.sk\/wp-content\/uploads\/2020\/12\/02.FEBRUAR-mensie-300x212.jpg 300w, https:\/\/www.miragrafik.sk\/wp-content\/uploads\/2020\/12\/02.FEBRUAR-mensie-1024x724.jpg 1024w, https:\/\/www.miragrafik.sk\/wp-content\/uploads\/2020\/12\/02.FEBRUAR-mensie-768x543.jpg 768w, https:\/\/www.miragrafik.sk\/wp-content\/uploads\/2020\/12\/02.FEBRUAR-mensie-1536x1086.jpg 1536w, https:\/\/www.miragrafik.sk\/wp-content\/uploads\/2020\/12\/02.FEBRUAR-mensie-382x270.jpg 382w\" sizes=\"(max-width: 1920px) 100vw, 1920px\" \/>\n\t\t\t<\/div><\/figure><figure class='gallery-item'>\n\t\t\t<div class='gallery-icon landscape'>\n\t\t\t\t<img decoding=\"async\" width=\"1920\" height=\"1357\" src=\"https:\/\/www.miragrafik.sk\/wp-content\/uploads\/2020\/12\/03.MAREC-mensie.jpg\" class=\"attachment-full size-full\" alt=\"\" srcset=\"https:\/\/www.miragrafik.sk\/wp-content\/uploads\/2020\/12\/03.MAREC-mensie.jpg 1920w, https:\/\/www.miragrafik.sk\/wp-content\/uploads\/2020\/12\/03.MAREC-mensie-300x212.jpg 300w, https:\/\/www.miragrafik.sk\/wp-content\/uploads\/2020\/12\/03.MAREC-mensie-1024x724.jpg 1024w, https:\/\/www.miragrafik.sk\/wp-content\/uploads\/2020\/12\/03.MAREC-mensie-768x543.jpg 768w, https:\/\/www.miragrafik.sk\/wp-content\/uploads\/2020\/12\/03.MAREC-mensie-1536x1086.jpg 1536w, https:\/\/www.miragrafik.sk\/wp-content\/uploads\/2020\/12\/03.MAREC-mensie-382x270.jpg 382w\" sizes=\"(max-width: 1920px) 100vw, 1920px\" \/>\n\t\t\t<\/div><\/figure><figure class='gallery-item'>\n\t\t\t<div class='gallery-icon landscape'>\n\t\t\t\t<img loading=\"lazy\" decoding=\"async\" width=\"1920\" height=\"1357\" src=\"https:\/\/www.miragrafik.sk\/wp-content\/uploads\/2020\/12\/04.APRIL-mensie.jpg\" class=\"attachment-full size-full\" alt=\"\" srcset=\"https:\/\/www.miragrafik.sk\/wp-content\/uploads\/2020\/12\/04.APRIL-mensie.jpg 1920w, https:\/\/www.miragrafik.sk\/wp-content\/uploads\/2020\/12\/04.APRIL-mensie-300x212.jpg 300w, https:\/\/www.miragrafik.sk\/wp-content\/uploads\/2020\/12\/04.APRIL-mensie-1024x724.jpg 1024w, https:\/\/www.miragrafik.sk\/wp-content\/uploads\/2020\/12\/04.APRIL-mensie-768x543.jpg 768w, https:\/\/www.miragrafik.sk\/wp-content\/uploads\/2020\/12\/04.APRIL-mensie-1536x1086.jpg 1536w, https:\/\/www.miragrafik.sk\/wp-content\/uploads\/2020\/12\/04.APRIL-mensie-382x270.jpg 382w\" sizes=\"(max-width: 1920px) 100vw, 1920px\" \/>\n\t\t\t<\/div><\/figure><figure class='gallery-item'>\n\t\t\t<div class='gallery-icon landscape'>\n\t\t\t\t<img loading=\"lazy\" decoding=\"async\" width=\"2560\" height=\"1810\" src=\"https:\/\/www.miragrafik.sk\/wp-content\/uploads\/2020\/12\/05.MAJ_-scaled.jpg\" class=\"attachment-full size-full\" alt=\"Kalend\u00e1r\" srcset=\"https:\/\/www.miragrafik.sk\/wp-content\/uploads\/2020\/12\/05.MAJ_-scaled.jpg 2560w, https:\/\/www.miragrafik.sk\/wp-content\/uploads\/2020\/12\/05.MAJ_-300x212.jpg 300w, https:\/\/www.miragrafik.sk\/wp-content\/uploads\/2020\/12\/05.MAJ_-1024x724.jpg 1024w, https:\/\/www.miragrafik.sk\/wp-content\/uploads\/2020\/12\/05.MAJ_-768x543.jpg 768w, https:\/\/www.miragrafik.sk\/wp-content\/uploads\/2020\/12\/05.MAJ_-1536x1086.jpg 1536w, https:\/\/www.miragrafik.sk\/wp-content\/uploads\/2020\/12\/05.MAJ_-2048x1448.jpg 2048w, https:\/\/www.miragrafik.sk\/wp-content\/uploads\/2020\/12\/05.MAJ_-382x270.jpg 382w\" sizes=\"(max-width: 2560px) 100vw, 2560px\" \/>\n\t\t\t<\/div><\/figure><figure class='gallery-item'>\n\t\t\t<div class='gallery-icon landscape'>\n\t\t\t\t<img loading=\"lazy\" decoding=\"async\" width=\"1920\" height=\"1357\" src=\"https:\/\/www.miragrafik.sk\/wp-content\/uploads\/2020\/12\/06.JUN-mensie.jpg\" class=\"attachment-full size-full\" alt=\"\" srcset=\"https:\/\/www.miragrafik.sk\/wp-content\/uploads\/2020\/12\/06.JUN-mensie.jpg 1920w, https:\/\/www.miragrafik.sk\/wp-content\/uploads\/2020\/12\/06.JUN-mensie-300x212.jpg 300w, https:\/\/www.miragrafik.sk\/wp-content\/uploads\/2020\/12\/06.JUN-mensie-1024x724.jpg 1024w, https:\/\/www.miragrafik.sk\/wp-content\/uploads\/2020\/12\/06.JUN-mensie-768x543.jpg 768w, https:\/\/www.miragrafik.sk\/wp-content\/uploads\/2020\/12\/06.JUN-mensie-1536x1086.jpg 1536w, https:\/\/www.miragrafik.sk\/wp-content\/uploads\/2020\/12\/06.JUN-mensie-382x270.jpg 382w\" sizes=\"(max-width: 1920px) 100vw, 1920px\" \/>\n\t\t\t<\/div><\/figure><figure class='gallery-item'>\n\t\t\t<div class='gallery-icon landscape'>\n\t\t\t\t<img loading=\"lazy\" decoding=\"async\" width=\"1920\" height=\"1357\" src=\"https:\/\/www.miragrafik.sk\/wp-content\/uploads\/2020\/12\/07.JUL-mensie.jpg\" class=\"attachment-full size-full\" alt=\"\" srcset=\"https:\/\/www.miragrafik.sk\/wp-content\/uploads\/2020\/12\/07.JUL-mensie.jpg 1920w, https:\/\/www.miragrafik.sk\/wp-content\/uploads\/2020\/12\/07.JUL-mensie-300x212.jpg 300w, https:\/\/www.miragrafik.sk\/wp-content\/uploads\/2020\/12\/07.JUL-mensie-1024x724.jpg 1024w, https:\/\/www.miragrafik.sk\/wp-content\/uploads\/2020\/12\/07.JUL-mensie-768x543.jpg 768w, https:\/\/www.miragrafik.sk\/wp-content\/uploads\/2020\/12\/07.JUL-mensie-1536x1086.jpg 1536w, https:\/\/www.miragrafik.sk\/wp-content\/uploads\/2020\/12\/07.JUL-mensie-382x270.jpg 382w\" sizes=\"(max-width: 1920px) 100vw, 1920px\" \/>\n\t\t\t<\/div><\/figure><figure class='gallery-item'>\n\t\t\t<div class='gallery-icon landscape'>\n\t\t\t\t<img loading=\"lazy\" decoding=\"async\" width=\"1920\" height=\"1357\" src=\"https:\/\/www.miragrafik.sk\/wp-content\/uploads\/2020\/12\/08.AUGUST-mensie.jpg\" class=\"attachment-full size-full\" alt=\"kalend\u00e1r\" srcset=\"https:\/\/www.miragrafik.sk\/wp-content\/uploads\/2020\/12\/08.AUGUST-mensie.jpg 1920w, https:\/\/www.miragrafik.sk\/wp-content\/uploads\/2020\/12\/08.AUGUST-mensie-300x212.jpg 300w, https:\/\/www.miragrafik.sk\/wp-content\/uploads\/2020\/12\/08.AUGUST-mensie-1024x724.jpg 1024w, https:\/\/www.miragrafik.sk\/wp-content\/uploads\/2020\/12\/08.AUGUST-mensie-768x543.jpg 768w, https:\/\/www.miragrafik.sk\/wp-content\/uploads\/2020\/12\/08.AUGUST-mensie-1536x1086.jpg 1536w, https:\/\/www.miragrafik.sk\/wp-content\/uploads\/2020\/12\/08.AUGUST-mensie-382x270.jpg 382w\" sizes=\"(max-width: 1920px) 100vw, 1920px\" \/>\n\t\t\t<\/div><\/figure><figure class='gallery-item'>\n\t\t\t<div class='gallery-icon landscape'>\n\t\t\t\t<img loading=\"lazy\" decoding=\"async\" width=\"1920\" height=\"1357\" src=\"https:\/\/www.miragrafik.sk\/wp-content\/uploads\/2020\/12\/09.SEPTEMBER-mensie.jpg\" class=\"attachment-full size-full\" alt=\"\" srcset=\"https:\/\/www.miragrafik.sk\/wp-content\/uploads\/2020\/12\/09.SEPTEMBER-mensie.jpg 1920w, https:\/\/www.miragrafik.sk\/wp-content\/uploads\/2020\/12\/09.SEPTEMBER-mensie-300x212.jpg 300w, https:\/\/www.miragrafik.sk\/wp-content\/uploads\/2020\/12\/09.SEPTEMBER-mensie-1024x724.jpg 1024w, https:\/\/www.miragrafik.sk\/wp-content\/uploads\/2020\/12\/09.SEPTEMBER-mensie-768x543.jpg 768w, https:\/\/www.miragrafik.sk\/wp-content\/uploads\/2020\/12\/09.SEPTEMBER-mensie-1536x1086.jpg 1536w, https:\/\/www.miragrafik.sk\/wp-content\/uploads\/2020\/12\/09.SEPTEMBER-mensie-382x270.jpg 382w\" sizes=\"(max-width: 1920px) 100vw, 1920px\" \/>\n\t\t\t<\/div><\/figure><figure class='gallery-item'>\n\t\t\t<div class='gallery-icon landscape'>\n\t\t\t\t<img loading=\"lazy\" decoding=\"async\" width=\"1920\" height=\"1357\" src=\"https:\/\/www.miragrafik.sk\/wp-content\/uploads\/2020\/12\/10.OKTOBER-mensie.jpg\" class=\"attachment-full size-full\" alt=\"\" srcset=\"https:\/\/www.miragrafik.sk\/wp-content\/uploads\/2020\/12\/10.OKTOBER-mensie.jpg 1920w, https:\/\/www.miragrafik.sk\/wp-content\/uploads\/2020\/12\/10.OKTOBER-mensie-300x212.jpg 300w, https:\/\/www.miragrafik.sk\/wp-content\/uploads\/2020\/12\/10.OKTOBER-mensie-1024x724.jpg 1024w, https:\/\/www.miragrafik.sk\/wp-content\/uploads\/2020\/12\/10.OKTOBER-mensie-768x543.jpg 768w, https:\/\/www.miragrafik.sk\/wp-content\/uploads\/2020\/12\/10.OKTOBER-mensie-1536x1086.jpg 1536w, https:\/\/www.miragrafik.sk\/wp-content\/uploads\/2020\/12\/10.OKTOBER-mensie-382x270.jpg 382w\" sizes=\"(max-width: 1920px) 100vw, 1920px\" \/>\n\t\t\t<\/div><\/figure><figure class='gallery-item'>\n\t\t\t<div class='gallery-icon landscape'>\n\t\t\t\t<img loading=\"lazy\" decoding=\"async\" width=\"1920\" height=\"1357\" src=\"https:\/\/www.miragrafik.sk\/wp-content\/uploads\/2020\/12\/11.NOVEMBER-mensie.jpg\" class=\"attachment-full size-full\" alt=\"\" srcset=\"https:\/\/www.miragrafik.sk\/wp-content\/uploads\/2020\/12\/11.NOVEMBER-mensie.jpg 1920w, https:\/\/www.miragrafik.sk\/wp-content\/uploads\/2020\/12\/11.NOVEMBER-mensie-300x212.jpg 300w, https:\/\/www.miragrafik.sk\/wp-content\/uploads\/2020\/12\/11.NOVEMBER-mensie-1024x724.jpg 1024w, https:\/\/www.miragrafik.sk\/wp-content\/uploads\/2020\/12\/11.NOVEMBER-mensie-768x543.jpg 768w, https:\/\/www.miragrafik.sk\/wp-content\/uploads\/2020\/12\/11.NOVEMBER-mensie-1536x1086.jpg 1536w, https:\/\/www.miragrafik.sk\/wp-content\/uploads\/2020\/12\/11.NOVEMBER-mensie-382x270.jpg 382w\" sizes=\"(max-width: 1920px) 100vw, 1920px\" \/>\n\t\t\t<\/div><\/figure><figure class='gallery-item'>\n\t\t\t<div class='gallery-icon landscape'>\n\t\t\t\t<img loading=\"lazy\" decoding=\"async\" width=\"1920\" height=\"1357\" src=\"https:\/\/www.miragrafik.sk\/wp-content\/uploads\/2020\/12\/12.DECEMBER-mensie.jpg\" class=\"attachment-full size-full\" alt=\"Kalend\u00e1r\" srcset=\"https:\/\/www.miragrafik.sk\/wp-content\/uploads\/2020\/12\/12.DECEMBER-mensie.jpg 1920w, https:\/\/www.miragrafik.sk\/wp-content\/uploads\/2020\/12\/12.DECEMBER-mensie-300x212.jpg 300w, https:\/\/www.miragrafik.sk\/wp-content\/uploads\/2020\/12\/12.DECEMBER-mensie-1024x724.jpg 1024w, https:\/\/www.miragrafik.sk\/wp-content\/uploads\/2020\/12\/12.DECEMBER-mensie-768x543.jpg 768w, https:\/\/www.miragrafik.sk\/wp-content\/uploads\/2020\/12\/12.DECEMBER-mensie-1536x1086.jpg 1536w, https:\/\/www.miragrafik.sk\/wp-content\/uploads\/2020\/12\/12.DECEMBER-mensie-382x270.jpg 382w\" sizes=\"(max-width: 1920px) 100vw, 1920px\" \/>\n\t\t\t<\/div><\/figure>\n\t\t<\/div>\n\t\t<\/div>\n\t\t\t\t\t\t<\/div>\n\t\t\t\t<\/div>\n\t\t\t\t\t<\/div>\n\t\t<\/div>\n\t\t\t\t\t<\/div>\n\t\t<\/section>\n\t\t\t\t<section class=\"elementor-section elementor-top-section elementor-element elementor-element-17a46d9 elementor-section-boxed elementor-section-height-default elementor-section-height-default\" data-id=\"17a46d9\" data-element_type=\"section\" data-settings=\"{&quot;_ha_eqh_enable&quot;:false}\">\n\t\t\t\t\t\t<div class=\"elementor-container elementor-column-gap-default\">\n\t\t\t\t\t<div class=\"elementor-column elementor-col-100 elementor-top-column elementor-element elementor-element-8a34da6\" data-id=\"8a34da6\" data-element_type=\"column\">\n\t\t\t<div class=\"elementor-widget-wrap elementor-element-populated\">\n\t\t\t\t\t\t<div class=\"elementor-element elementor-element-e4f6ef1 elementor-widget elementor-widget-text-editor\" data-id=\"e4f6ef1\" data-element_type=\"widget\" data-widget_type=\"text-editor.default\">\n\t\t\t\t<div class=\"elementor-widget-container\">\n\t\t\t\t\t\t\t\t\t<p><span style=\"color: #000000;\"><strong>author of the text and graphic design<\/strong> <strong>(including photographs)<\/strong>: Miroslava Pavlinsk\u00e1<\/span><br \/><span style=\"color: #000000;\"><strong>www.miragrafik.sk | webdesign, graphic design and photography<\/strong><\/span><\/p>\t\t\t\t\t\t\t\t<\/div>\n\t\t\t\t<\/div>\n\t\t\t\t\t<\/div>\n\t\t<\/div>\n\t\t\t\t\t<\/div>\n\t\t<\/section>\n\t\t\t\t<\/div>","protected":false},"excerpt":{"rendered":"<p>Kalend\u00e1r autorka textu a grafiky (vr\u00e1tane fotiek): Miroslava Pavlinsk\u00e1www.miragrafik.sk | webdizajn, grafika a fotografia<\/p>","protected":false},"author":1,"featured_media":0,"parent":0,"menu_order":0,"comment_status":"closed","ping_status":"closed","template":"elementor_header_footer","meta":{"footnotes":""},"class_list":["post-922","page","type-page","status-publish","hentry"],"_links":{"self":[{"href":"https:\/\/www.miragrafik.sk\/en\/wp-json\/wp\/v2\/pages\/922","targetHints":{"allow":["GET"]}}],"collection":[{"href":"https:\/\/www.miragrafik.sk\/en\/wp-json\/wp\/v2\/pages"}],"about":[{"href":"https:\/\/www.miragrafik.sk\/en\/wp-json\/wp\/v2\/types\/page"}],"author":[{"embeddable":true,"href":"https:\/\/www.miragrafik.sk\/en\/wp-json\/wp\/v2\/users\/1"}],"replies":[{"embeddable":true,"href":"https:\/\/www.miragrafik.sk\/en\/wp-json\/wp\/v2\/comments?post=922"}],"version-history":[{"count":31,"href":"https:\/\/www.miragrafik.sk\/en\/wp-json\/wp\/v2\/pages\/922\/revisions"}],"predecessor-version":[{"id":16622,"href":"https:\/\/www.miragrafik.sk\/en\/wp-json\/wp\/v2\/pages\/922\/revisions\/16622"}],"wp:attachment":[{"href":"https:\/\/www.miragrafik.sk\/en\/wp-json\/wp\/v2\/media?parent=922"}],"curies":[{"name":"wp","href":"https:\/\/api.w.org\/{rel}","templated":true}]}}