{"id":925,"date":"2020-12-21T15:51:22","date_gmt":"2020-12-21T15:51:22","guid":{"rendered":"http:\/\/www.miragrafik.sk\/?page_id=925"},"modified":"2024-09-29T17:00:16","modified_gmt":"2024-09-29T17:00:16","slug":"letaky","status":"publish","type":"page","link":"https:\/\/www.miragrafik.sk\/en\/letaky\/","title":{"rendered":"Flyers"},"content":{"rendered":"<div data-elementor-type=\"wp-page\" data-elementor-id=\"925\" class=\"elementor elementor-925\" data-elementor-settings=\"{&quot;ha_cmc_init_switcher&quot;:&quot;no&quot;}\">\n\t\t\t\t\t\t<section class=\"elementor-section elementor-top-section elementor-element elementor-element-41a9ab61 elementor-section-boxed elementor-section-height-default elementor-section-height-default\" data-id=\"41a9ab61\" data-element_type=\"section\" data-settings=\"{&quot;_ha_eqh_enable&quot;:false}\">\n\t\t\t\t\t\t<div class=\"elementor-container elementor-column-gap-default\">\n\t\t\t\t\t<div class=\"elementor-column elementor-col-100 elementor-top-column elementor-element elementor-element-107cf0e5\" data-id=\"107cf0e5\" data-element_type=\"column\">\n\t\t\t<div class=\"elementor-widget-wrap elementor-element-populated\">\n\t\t\t\t\t\t<div class=\"elementor-element elementor-element-7be054b elementor-widget elementor-widget-heading\" data-id=\"7be054b\" data-element_type=\"widget\" data-widget_type=\"heading.default\">\n\t\t\t\t<div class=\"elementor-widget-container\">\n\t\t\t\t\t<h1 class=\"elementor-heading-title elementor-size-default\">Flyers<\/h1>\t\t\t\t<\/div>\n\t\t\t\t<\/div>\n\t\t\t\t\t<\/div>\n\t\t<\/div>\n\t\t\t\t\t<\/div>\n\t\t<\/section>\n\t\t\t\t<section class=\"elementor-section elementor-top-section elementor-element elementor-element-38ce38e elementor-section-boxed elementor-section-height-default elementor-section-height-default\" data-id=\"38ce38e\" data-element_type=\"section\" data-settings=\"{&quot;_ha_eqh_enable&quot;:false}\">\n\t\t\t\t\t\t<div class=\"elementor-container elementor-column-gap-default\">\n\t\t\t\t\t<div class=\"elementor-column elementor-col-100 elementor-top-column elementor-element elementor-element-67b24ef\" data-id=\"67b24ef\" data-element_type=\"column\">\n\t\t\t<div class=\"elementor-widget-wrap elementor-element-populated\">\n\t\t\t\t\t\t<div class=\"elementor-element elementor-element-2203b08 gallery-spacing-custom elementor-widget elementor-widget-image-gallery\" data-id=\"2203b08\" data-element_type=\"widget\" data-widget_type=\"image-gallery.default\">\n\t\t\t\t<div class=\"elementor-widget-container\">\n\t\t\t\t\t\t\t<div class=\"elementor-image-gallery\">\n\t\t\t<div id='gallery-1' class='gallery galleryid-925 gallery-columns-3 gallery-size-full'><figure class='gallery-item'>\n\t\t\t<div class='gallery-icon landscape'>\n\t\t\t\t<img fetchpriority=\"high\" decoding=\"async\" width=\"1000\" height=\"705\" src=\"https:\/\/www.miragrafik.sk\/wp-content\/uploads\/2020\/12\/1-Kinska-student-letakmensi.jpg\" class=\"attachment-full size-full\" alt=\"let\u00e1ky\" srcset=\"https:\/\/www.miragrafik.sk\/wp-content\/uploads\/2020\/12\/1-Kinska-student-letakmensi.jpg 1000w, https:\/\/www.miragrafik.sk\/wp-content\/uploads\/2020\/12\/1-Kinska-student-letakmensi-300x212.jpg 300w, https:\/\/www.miragrafik.sk\/wp-content\/uploads\/2020\/12\/1-Kinska-student-letakmensi-768x541.jpg 768w, https:\/\/www.miragrafik.sk\/wp-content\/uploads\/2020\/12\/1-Kinska-student-letakmensi-383x270.jpg 383w\" sizes=\"(max-width: 1000px) 100vw, 1000px\" \/>\n\t\t\t<\/div><\/figure><figure class='gallery-item'>\n\t\t\t<div class='gallery-icon landscape'>\n\t\t\t\t<img decoding=\"async\" width=\"1000\" height=\"705\" src=\"https:\/\/www.miragrafik.sk\/wp-content\/uploads\/2020\/12\/3-teenager-kinska.jpg\" class=\"attachment-full size-full\" alt=\"Let\u00e1ky\" srcset=\"https:\/\/www.miragrafik.sk\/wp-content\/uploads\/2020\/12\/3-teenager-kinska.jpg 1000w, https:\/\/www.miragrafik.sk\/wp-content\/uploads\/2020\/12\/3-teenager-kinska-300x212.jpg 300w, https:\/\/www.miragrafik.sk\/wp-content\/uploads\/2020\/12\/3-teenager-kinska-768x541.jpg 768w, https:\/\/www.miragrafik.sk\/wp-content\/uploads\/2020\/12\/3-teenager-kinska-383x270.jpg 383w\" sizes=\"(max-width: 1000px) 100vw, 1000px\" \/>\n\t\t\t<\/div><\/figure><figure class='gallery-item'>\n\t\t\t<div class='gallery-icon landscape'>\n\t\t\t\t<img decoding=\"async\" width=\"1000\" height=\"705\" src=\"https:\/\/www.miragrafik.sk\/wp-content\/uploads\/2020\/12\/5-dospeli-kinska.jpg\" class=\"attachment-full size-full\" alt=\"grafika\" srcset=\"https:\/\/www.miragrafik.sk\/wp-content\/uploads\/2020\/12\/5-dospeli-kinska.jpg 1000w, https:\/\/www.miragrafik.sk\/wp-content\/uploads\/2020\/12\/5-dospeli-kinska-300x212.jpg 300w, https:\/\/www.miragrafik.sk\/wp-content\/uploads\/2020\/12\/5-dospeli-kinska-768x541.jpg 768w, https:\/\/www.miragrafik.sk\/wp-content\/uploads\/2020\/12\/5-dospeli-kinska-383x270.jpg 383w\" sizes=\"(max-width: 1000px) 100vw, 1000px\" \/>\n\t\t\t<\/div><\/figure>\n\t\t<\/div>\n\t\t<\/div>\n\t\t\t\t\t\t<\/div>\n\t\t\t\t<\/div>\n\t\t\t\t\t<\/div>\n\t\t<\/div>\n\t\t\t\t\t<\/div>\n\t\t<\/section>\n\t\t\t\t<section class=\"elementor-section elementor-top-section elementor-element elementor-element-26d9105 elementor-section-boxed elementor-section-height-default elementor-section-height-default\" data-id=\"26d9105\" data-element_type=\"section\" data-settings=\"{&quot;_ha_eqh_enable&quot;:false}\">\n\t\t\t\t\t\t<div class=\"elementor-container elementor-column-gap-default\">\n\t\t\t\t\t<div class=\"elementor-column elementor-col-100 elementor-top-column elementor-element elementor-element-d9c83b1\" data-id=\"d9c83b1\" data-element_type=\"column\">\n\t\t\t<div class=\"elementor-widget-wrap elementor-element-populated\">\n\t\t\t\t\t\t<div class=\"elementor-element elementor-element-a327e25 gallery-spacing-custom elementor-widget elementor-widget-image-gallery\" data-id=\"a327e25\" data-element_type=\"widget\" data-widget_type=\"image-gallery.default\">\n\t\t\t\t<div class=\"elementor-widget-container\">\n\t\t\t\t\t\t\t<div class=\"elementor-image-gallery\">\n\t\t\t<div id='gallery-2' class='gallery galleryid-925 gallery-columns-2 gallery-size-full'><figure class='gallery-item'>\n\t\t\t<div class='gallery-icon landscape'>\n\t\t\t\t<img loading=\"lazy\" decoding=\"async\" width=\"9814\" height=\"6896\" src=\"https:\/\/www.miragrafik.sk\/wp-content\/uploads\/2020\/12\/letak-supermarketu2.jpg\" class=\"attachment-full size-full\" alt=\"grafika\" \/>\n\t\t\t<\/div><\/figure><figure class='gallery-item'>\n\t\t\t<div class='gallery-icon landscape'>\n\t\t\t\t<img loading=\"lazy\" decoding=\"async\" width=\"9921\" height=\"7016\" src=\"https:\/\/www.miragrafik.sk\/wp-content\/uploads\/2020\/12\/letak-supermarketu3.jpg\" class=\"attachment-full size-full\" alt=\"grafika\" \/>\n\t\t\t<\/div><\/figure>\n\t\t<\/div>\n\t\t<\/div>\n\t\t\t\t\t\t<\/div>\n\t\t\t\t<\/div>\n\t\t\t\t\t<\/div>\n\t\t<\/div>\n\t\t\t\t\t<\/div>\n\t\t<\/section>\n\t\t\t\t<section class=\"elementor-section elementor-top-section elementor-element elementor-element-66a4411a elementor-section-boxed elementor-section-height-default elementor-section-height-default\" data-id=\"66a4411a\" data-element_type=\"section\" data-settings=\"{&quot;_ha_eqh_enable&quot;:false}\">\n\t\t\t\t\t\t<div class=\"elementor-container elementor-column-gap-default\">\n\t\t\t\t\t<div class=\"elementor-column elementor-col-100 elementor-top-column elementor-element elementor-element-5e9678\" data-id=\"5e9678\" data-element_type=\"column\">\n\t\t\t<div class=\"elementor-widget-wrap elementor-element-populated\">\n\t\t\t\t\t\t<div class=\"elementor-element elementor-element-13963dd8 elementor-widget elementor-widget-text-editor\" data-id=\"13963dd8\" data-element_type=\"widget\" data-widget_type=\"text-editor.default\">\n\t\t\t\t<div class=\"elementor-widget-container\">\n\t\t\t\t\t\t\t\t\t<p><span style=\"color: #000000;\"><strong>author of the text and graphic design: <\/strong>Miroslava Pavlinsk\u00e1<\/span><br \/><span style=\"color: #000000;\"><strong>www.miragrafik.sk | webdesign, graphic design and photography<\/strong><\/span><\/p><p><!-- \/wp:paragraph --><\/p>\t\t\t\t\t\t\t\t<\/div>\n\t\t\t\t<\/div>\n\t\t\t\t\t<\/div>\n\t\t<\/div>\n\t\t\t\t\t<\/div>\n\t\t<\/section>\n\t\t\t\t<\/div>","protected":false},"excerpt":{"rendered":"<p>Let\u00e1ky autorka textu a grafick\u00fdch n\u00e1vrhov: Miroslava Pavlinsk\u00e1www.miragrafik.sk | webdizajn, grafika a fotografia<\/p>","protected":false},"author":1,"featured_media":0,"parent":0,"menu_order":0,"comment_status":"closed","ping_status":"closed","template":"elementor_header_footer","meta":{"footnotes":""},"class_list":["post-925","page","type-page","status-publish","hentry"],"_links":{"self":[{"href":"https:\/\/www.miragrafik.sk\/en\/wp-json\/wp\/v2\/pages\/925","targetHints":{"allow":["GET"]}}],"collection":[{"href":"https:\/\/www.miragrafik.sk\/en\/wp-json\/wp\/v2\/pages"}],"about":[{"href":"https:\/\/www.miragrafik.sk\/en\/wp-json\/wp\/v2\/types\/page"}],"author":[{"embeddable":true,"href":"https:\/\/www.miragrafik.sk\/en\/wp-json\/wp\/v2\/users\/1"}],"replies":[{"embeddable":true,"href":"https:\/\/www.miragrafik.sk\/en\/wp-json\/wp\/v2\/comments?post=925"}],"version-history":[{"count":25,"href":"https:\/\/www.miragrafik.sk\/en\/wp-json\/wp\/v2\/pages\/925\/revisions"}],"predecessor-version":[{"id":16712,"href":"https:\/\/www.miragrafik.sk\/en\/wp-json\/wp\/v2\/pages\/925\/revisions\/16712"}],"wp:attachment":[{"href":"https:\/\/www.miragrafik.sk\/en\/wp-json\/wp\/v2\/media?parent=925"}],"curies":[{"name":"wp","href":"https:\/\/api.w.org\/{rel}","templated":true}]}}